{"id":23,"date":"2016-10-17T17:19:42","date_gmt":"2016-10-17T16:19:42","guid":{"rendered":"http:\/\/www.zrozeni.com\/?page_id=23"},"modified":"2018-08-14T16:54:57","modified_gmt":"2018-08-14T15:54:57","slug":"nezny-dotek-a-leciva-vune","status":"publish","type":"page","link":"https:\/\/www.zrozeni.com\/","title":{"rendered":""},"content":{"rendered":"<div class=\"row\"> <div class=\"col-md-1\">\n<\/div><div class=\"col-md-8\">\n<h1 style=\"text-align: center;\"><img loading=\"lazy\" decoding=\"async\" class=\"aligncenter wp-image-45\" style=\"border: 0px none; margin-top: 0px; margin-bottom: 0px;\" src=\"http:\/\/www.zrozeni.com\/wp-content\/uploads\/2016\/10\/logo-rgb-tesne-300x150.jpg\" alt=\"logo-rgb-tesne\" width=\"106\" height=\"50\" \/><\/h1>\n<h1 style=\"text-align: center;\"><strong><em>\u00a0 Cestou jemn\u00e9ho doteku<\/em><\/strong><\/h1>\n<p>&nbsp;<\/p>\n<p><img loading=\"lazy\" decoding=\"async\" class=\"size-medium wp-image-874 aligncenter\" src=\"http:\/\/www.zrozeni.com\/wp-content\/uploads\/2016\/10\/zrozeni_uvodni-300x225.png\" alt=\"zrozeni_uvodni\" width=\"300\" height=\"225\" srcset=\"https:\/\/www.zrozeni.com\/wp-content\/uploads\/2016\/10\/zrozeni_uvodni-300x225.png 300w, https:\/\/www.zrozeni.com\/wp-content\/uploads\/2016\/10\/zrozeni_uvodni-768x576.png 768w, https:\/\/www.zrozeni.com\/wp-content\/uploads\/2016\/10\/zrozeni_uvodni.png 864w\" sizes=\"auto, (max-width: 300px) 100vw, 300px\" \/><\/p>\n<p>&nbsp;<\/p>\n<p style=\"text-align: justify;\"><strong><span style=\"color: #9b0262;\"><em>\u00a0 <\/em><em>L\u00e9\u010divou cestou jemn\u00e9ho doteku<\/em><\/span> se m\u016f\u017eeme vydat s\u00a0pomoc\u00ed kv\u011btov\u00fdch esenc\u00ed, kter\u00fdmi provon\u00edme na\u0161e hlad\u00edc\u00ed dlan\u011b. Spole\u010dn\u011b toti\u017e dovedou p\u016fsobit harmoniza\u010dn\u011b a ozdravn\u011b na n\u00e1\u0161 emo\u010dn\u00ed, smyslov\u00fd a psychick\u00fd syst\u00e9m, a stejn\u011b tak n\u00e1s dovedou \u00fa\u010dinn\u011b podporovat i na t\u011blesno-energetick\u00e9 rovin\u011b. P\u0159edev\u0161\u00edm d\u00edky tomu, \u017ee kv\u011btov\u00e9 esence s v\u016fn\u00ed jsou bohat\u00e9 na bioaktivn\u00ed l\u00e1tky l\u00e9\u010div\u00fdch rostlin a obsahuj\u00ed v\u00fdta\u017eky ze\u00a0vz\u00e1cn\u00fdch olej\u016f z\u00a0kv\u011bt\u016f, kter\u00e9 jsou t\u011blu prosp\u011b\u0161n\u00e9 a vy\u017eivuj\u00ed ho. Jejich d\u016fle\u017eitou sou\u010d\u00e1st\u00ed jsou tak\u00e9 l\u00e9\u010div\u00e9 pramenit\u00e9 vody z\u00a0ji\u017en\u00ed Francie a st\u0159edu \u010cech, kter\u00e9 jim nav\u00edc dod\u00e1vaj\u00ed jemnou rezonanci \u010dist\u00e9 p\u0159\u00edrody v\u00a0t\u00e9 nejvy\u0161\u0161\u00ed kvalit\u011b.<\/strong><\/p>\n<p style=\"text-align: justify;\"><strong>\u00a0 Kv\u011btov\u00e9 esence dovedou jemn\u011b, p\u0159esto v\u0161ak \u00fa\u010dinn\u011b pom\u00e1hat u\u017e v\u00a0obdob\u00ed kolem porodu. Tak\u00e9 v\u00a0obdob\u00ed d\u011btstv\u00ed um\u00ed p\u0159\u00edzniv\u011b podporovat v\u0161estrann\u00fd v\u00fdvoj u d\u011bt\u00ed a v\u00a0dosp\u011blosti n\u00e1s p\u0159\u00edjemn\u011b vyla\u010fuj\u00ed do pocitu harmonie i uvoln\u011bn\u00ed. Znamen\u00e1 to, \u017ee kv\u011btov\u00e9 esence a jejich l\u00e9\u010div\u00fd dotek n\u00e1s mohou podporovat, pom\u00e1hat n\u00e1m a ope\u010dov\u00e1vat v\u00a0pr\u016fb\u011bhu cel\u00e9ho \u017eivota a na mnoha \u00farovn\u00edch. Od \u00fapln\u00e9ho po\u010d\u00e1tku a\u017e po obdob\u00ed v\u011bku moudrosti:<\/strong><\/p>\n<p style=\"text-align: justify;\"><strong>\u00a0 \u010c\u00edm d\u00e1l, t\u00edm v\u00edce se st\u00e1vaj\u00ed d\u016fle\u017eitou sou\u010d\u00e1st\u00ed p\u00e9\u010de o budouc\u00ed maminku<span style=\"color: #9b0262;\"><em> v\u00a0obdob\u00ed t\u011bhotenstv\u00ed<\/em><\/span> a n\u00e1sledn\u011b pak i <span style=\"color: #9b0262;\"><em>p\u0159i samotn\u00e9m porodu<\/em><\/span>, kdy dovedou \u017eenu zklidnit a uvolnit, nebo tak\u00e9 osv\u011b\u017eit a podpo\u0159it v\u00a0p\u0159irozen\u00e9m p\u0159\u00edchodu jej\u00edho miminka. V\u00a0pr\u016fb\u011bhu cel\u00e9ho t\u011bhotenstv\u00ed dovedou \u017eenu emo\u010dn\u011b, a stejn\u011b i na t\u011blesn\u00e9 \u00farovni, v\u00fdznamn\u011b podpo\u0159it v\u00a0jej\u00edm d\u016fle\u017eit\u00e9m procesu transformace v\u00a0maminku. Harmonizov\u00e1no je nap\u0159. p\u016fsoben\u00ed hormon\u016f, kter\u00e9 \u00fazce souvisej\u00ed pr\u00e1v\u011b s emo\u010dn\u00edm pro\u017e\u00edv\u00e1n\u00edm a vysokou schopnost\u00ed intuice. Hypotalamem, kter\u00fd je sou\u010d\u00e1st\u00ed centr\u00e1ln\u00ed endokrinn\u00edho syst\u00e9mu, je \u0159\u00edzena taky \u010dinnost placenty, kter\u00e1 je d\u016fle\u017eitou energetickou, nikoli jen t\u011blesnou v\u00fd\u017eivou pro d\u011b\u0165\u00e1tko. A pr\u00e1v\u011b hypotalamus produkuje nap\u0159. d\u016fle\u017eit\u00fd hormon oxytoc\u00edn, kter\u00fd ovliv\u0148uje mnoho \u017eivotn\u00edch proces\u016f v\u00a0t\u011ble \u017eeny, a to nejen v\u00a0pr\u016fb\u011bhu t\u011bhotenstv\u00ed. Dal\u0161\u00edm v\u00fdznamn\u00fdm hormonem, stejn\u011b produkovan\u00fdm hypotalamem, je dopamin, kter\u00fd v t\u011ble vytv\u00e1\u0159\u00ed vnit\u0159n\u00ed biochemii p\u0159\u00edjemn\u00fdch pocit\u016f. I pro to v\u0161echno m\u00e1 velk\u00fd v\u00fdznam v\u011bnovat pozornost pr\u00e1v\u011b zmi\u0148ovan\u00e9mu centru endokrinn\u00ed soustavy a podporovat jeho harmonickou funkci a \u010dinnost.<\/strong><\/p>\n<p style=\"text-align: justify;\"><strong>\u00a0 Blahod\u00e1rn\u00e9 p\u016fsoben\u00ed hlad\u00edc\u00edch dlan\u00ed, spole\u010dn\u011b s kv\u011btov\u00fdmi esencemi v nich, m\u016f\u017eeme za\u010d\u00edt skv\u011ble vyu\u017e\u00edvat v\u00a0obdob\u00ed t\u011bhotenstv\u00ed i pro rostouc\u00ed miminko, kter\u00e9 teprve nos\u00ed budouc\u00ed maminka pod srdcem. <span style=\"color: #9b0262;\"><em>D\u011b\u0165\u00e1tko je jemn\u011b ope\u010dov\u00e1van\u00e9 ji\u017e v\u00a0l\u016fn\u011b, <\/em><\/span>kdy je ve sv\u00e9m prvn\u00edm dome\u010dku lehounce hlazeno \u201ekyti\u010dkov\u00fdmi dlan\u011bmi\u201c. Tak ho s pomoci l\u00e9\u010div\u00fdch kyti\u010dek, kter\u00e9 jsou v\u00a0kv\u011btov\u00fdch esenc\u00edch obsa\u017eeny, hlad\u00edme p\u0159es st\u011bnu b\u0159\u00ed\u0161ka. Miminku v l\u016fn\u011b je velmi p\u0159\u00edjemn\u00e9, kdy\u017e je hebk\u00fdmi dlan\u011bmi vo\u0148av\u011b syceno a touto vy\u017eivuj\u00edc\u00ed p\u00e9\u010di podporov\u00e1no. Cel\u00fd proces dotekov\u00e9 stimulace a harmonizace toti\u017e synergicky potencuj\u00ed kv\u011btov\u00e9 esence, kter\u00e9 ozdravn\u011b p\u016fsob\u00ed na t\u011blesn\u00e9 \u00farovni, a to a\u017e na t\u00e9 bun\u011b\u010dn\u00e9. Snadno a rychle um\u00ed p\u016fsobit i na centrum emo\u010dn\u00edho mozku (amygdalu), kdy dovedou na\u0161e emoce osv\u011b\u017eit tou kterou v\u016fn\u00ed \u010di kv\u011btem. Ji\u017e samotn\u00e1 v\u016fn\u011b vypov\u00edd\u00e1 mnoh\u00e9 o n\u00e1s a na\u0161em citov\u00e9m nalad\u011bn\u00ed. \u00da\u010dinky v\u016fn\u00ed a kytek maj\u00ed pozitivn\u00ed vliv na na\u0161e zdrav\u00ed a celkovou n\u00e1ladu. Jsou l\u00e9\u010div\u00fdm n\u00e1dechem \u010dist\u00e9 p\u0159\u00edrody, kterou p\u0159in\u00e1\u0161\u00ed do na\u0161ich \u017eivot\u016f.<\/strong><\/p>\n<p style=\"text-align: justify;\"><strong>\u00a0 Stejn\u011b tak m\u016f\u017eeme tuto l\u00e9\u010divou p\u00e9\u010di dop\u0159\u00e1vat miminku i po porodu, kdy se u\u017e novorozen\u011b dot\u00fdk\u00e1me p\u0159\u00edmo a d\u00edky tomu jsou na\u0161e doteky mnohem osobn\u011bj\u0161\u00ed a intenzivn\u011bj\u0161\u00ed. \u010c\u00edm d\u0159\u00edve po porodu <span style=\"color: #9b0262;\"><em>budeme<\/em> <em>jemnou kyti\u010dkovou p\u00e9\u010di novoroze\u0148\u00e1tk\u016fm<\/em> <em>poskytovat<\/em>,<\/span> t\u00edm snadn\u011bji si budou v\u011bd\u011bt zvykat na v\u0161e nov\u00e9 v\u00a0nezn\u00e1m\u00e9m sv\u011bt\u011b \u201etam venku\u201c. A t\u00edm l\u00e9pe mohou v\u0161estrann\u011b prosp\u00edvat. Tak\u00e9 <span style=\"color: #9b0262;\"><em>v\u00a0n\u00e1hradn\u00ed p\u00e9\u010di<\/em> <em>a v n\u00e1hradn\u00edm mate\u0159stv\u00ed<\/em> <\/span>jsou kv\u011btov\u00e9 esence d\u016fle\u017eit\u00fdm pomocn\u00edkem a pr\u016fvodcem, proto\u017ee dovedou pom\u00e1hat d\u011b\u0165\u00e1tku adaptovat se na novou rodinu a i samotn\u00e9 rodin\u011b pom\u00e1haj\u00ed snadn\u011bji p\u0159ijmout nov\u00e9ho \u010dlov\u00ed\u010dka k sob\u011b.<\/strong><\/p>\n<p style=\"text-align: justify;\"><strong>\u00a0 V\u00fdborn\u00e9 zku\u0161enosti se uk\u00e1zali taky v \u201ekyti\u010dkov\u00e9m ope\u010dov\u00e1v\u00e1ni\u201c p\u0159ed\u010das\u0148\u00e1tek na neonatologick\u00fdch odd\u011blen\u00edch, nebo p\u0159i Vojtov\u011b terapii. Nav\u00edc, jemn\u00e9 kv\u011btov\u00e9 esence vytv\u00e1\u0159ej\u00ed novoroze\u0148\u00e1tk\u016fm v\u00a0inkub\u00e1torech <span style=\"color: #9b0262;\"><em>\u201eVo\u0148av\u00e9 dome\u010dky\u201c<\/em><\/span><em>,<\/em> kter\u00e9 se tak pro n\u011b st\u00e1vaj\u00ed p\u0159\u00edjemn\u011bj\u0161\u00edm a vl\u00eddn\u011bj\u0161\u00edm domovem.<\/strong><\/p>\n<p style=\"text-align: justify;\"><strong>\u00a0 Jako \u010das postupn\u011b uk\u00e1zal, kv\u011btov\u00e9 esence um\u00ed pom\u00e1hat i star\u0161\u00edm d\u011btem, kdy p\u016fsob\u00ed na jejich v\u0161estrann\u00fd v\u00fdvoj v\u00a0pr\u016fb\u011bhu cel\u00e9ho d\u011btstv\u00ed. Jejich \u00fa\u010dinek se hezky dopl\u0148uje s\u00a0prov\u00e1d\u011bnou dotekovou stimulac\u00ed a jemn\u00fdm hlazen\u00edm. D\u011btem se v\u016fn\u011b moc l\u00edb\u00ed a s\u00a0velk\u00fdm pot\u011b\u0161en\u00edm kv\u011btov\u00e9 esence samy r\u00e1dy pou\u017e\u00edvaj\u00ed. Zkr\u00e1tka, bez <em>R\u016f\u017eov\u00e9ho obl\u00e1\u010dku<\/em> u\u017e necht\u011bj\u00ed us\u00ednat, a taky cht\u011bj\u00ed b\u00fdt opakovan\u011b hlazeny pomoc\u00ed vo\u0148av\u00fdch konej\u0161iv\u00fdch dotek\u016f. Cel\u00fd zp\u016fsob ope\u010dov\u00e1v\u00e1n\u00ed m\u00e1 n\u00e1zev <span style=\"color: #9b0262;\"><em>\u201eKyti\u010dkov\u00e9 d\u011btstv\u00ed s\u00a0v\u016fn\u00ed R\u016f\u017ee\u201c<\/em><\/span> a \u00fasp\u011b\u0161n\u011b se zav\u00e1d\u00ed do mate\u0159sk\u00fdch \u010di lesn\u00edch \u0161kolek, a postupn\u011b i do z\u00e1kladn\u00edch \u0161kol.<\/strong><\/p>\n<p style=\"text-align: justify;\"><strong>\u00a0 Taky hezky ope\u010dov\u00e1vaj\u00ed a podporuj\u00ed \u017eenu v\u00a0r\u016fzn\u00fdch obdob\u00edch jej\u00edho \u017eivota. Od \u010dasn\u00e9ho dosp\u00edv\u00e1n\u00ed a\u017e po v\u011bk moudr\u00e9 \u017eeny. Podporuj\u00ed jej\u00ed hormon\u00e1ln\u00ed rovnov\u00e1hu a cel\u00fd endokrinn\u00ed syst\u00e9m, harmonizuj\u00ed nervovou soustavu a emo\u010dn\u00ed nalad\u011bn\u00ed, vitalizuj\u00ed jej\u00ed \u017eivotn\u00ed energii, p\u0159\u00edjemn\u011b osv\u011b\u017euj\u00ed a posiluj\u00ed d\u016fle\u017eitou esenci ledvin. O nov\u00fdch mo\u017enostech a zp\u016fsobech harmonizace a podpory \u017eensk\u00e9 energie, \u010di o b\u011b\u017en\u00e9m vyu\u017e\u00edv\u00e1n\u00ed kv\u011btov\u00fdch esenc\u00ed je mo\u017en\u00e9 se dozv\u011bd\u011bt na setk\u00e1n\u00edch s n\u00e1zvem <span style=\"color: #9b0262;\">\u201e<em>Vnit\u0159n\u00ed alchymie \u017eeny\u201c<\/em>.<\/span><\/strong><\/p>\n<p style=\"text-align: justify;\"><strong>\u00a0 Dokonce se kv\u011btov\u00e9 esence a mot\u00fdl\u00ed doteky v\u00fdznamn\u011b osv\u011bd\u010dili i p\u0159i podpo\u0159e kvality \u017eivota <span style=\"color: #9b0262;\"><em>v onkologick\u00e9 a paliativn\u00ed l\u00e9\u010db\u011b.<\/em><\/span> Pro rodinu je velice d\u016fle\u017eit\u00e9, kdy\u017e dovede smyslupln\u011b pomoct sv\u00e9mu bl\u00edzk\u00e9mu i v tak n\u00e1ro\u010dn\u00e9m obdob\u00ed. A pr\u00e1v\u011b kyti\u010dkov\u00e9 hlazen\u00ed a ope\u010dov\u00e1v\u00e1n\u00ed je jednou z mo\u017en\u00fdch a \u00fa\u010dinn\u00fdch cest.<\/strong><\/p>\n<p style=\"text-align: center;\"><strong><span style=\"color: #9b0262;\"><em> Kv\u011btov\u00e9 esence s v\u016fn\u00ed se st\u00e1vaj\u00ed sou\u010d\u00e1st\u00ed mnoha r\u016fzn\u00fdch terapi\u00ed, kdy v procesu l\u00e9\u010den\u00ed a podpory kvality \u017eivota p\u016fsob\u00ed blahod\u00e1rn\u011b jak na dosp\u011bl\u00e9, tak i na d\u011bti. Ukazuje se, \u017ee o n\u00e1s dovedou hezky pe\u010dovat a \u201evo\u0148av\u00e1 pomoc\u201c p\u0159ich\u00e1z\u00ed \u010dasto tam, kde ji jednodu\u0161e zkus\u00edme.<\/em><\/span><\/strong><\/p>\n<p style=\"text-align: justify;\"><strong>\u00a0 Je pro m\u011b velk\u00fdm pot\u011b\u0161en\u00edm, \u017ee m\u016f\u017eeme tuto p\u0159\u00edjemnou, uzdravuj\u00edc\u00ed a vo\u0148avou <span style=\"color: #9b0262;\">\u201e<em>Cestu jemn\u00e9ho doteku\u201c<\/em><\/span> spole\u010dn\u011b s\u00a0mnoha porodn\u00edmi asistentkami, neonatologick\u00fdmi i rehabilita\u010dn\u00edmi sestrami \u010di jin\u00fdmi zdravotn\u00edky, dulami, u\u010ditelkami v\u00a0M\u0160 i Z\u0160, lektorkami, pe\u010dovatelkami i terapeuty p\u0159in\u00e1\u0161et pro mnoh\u00e9 tak, aby je mohla podpo\u0159it v\u00a0d\u016fle\u017eit\u00fdch momentech jejich \u017eivota.<\/strong><\/p>\n<p style=\"text-align: justify;\"><strong>\u00a0 Na cest\u011b jemn\u00e9ho doteku p\u0159eji mnoho l\u00e9\u010div\u00e9 pomoci a kr\u00e1sn\u00e9 vo\u0148av\u00e9 kyti\u010dkov\u00e1n\u00ed v\u0161ude tam, kde to bude p\u0159\u00edjemn\u00e9 a pot\u0159ebn\u00e9.<\/strong><\/p>\n<p style=\"text-align: center;\"><strong>\u00a0<\/strong><\/p>\n<p style=\"text-align: center;\"><strong>\u00a0 S \u00factou a radost\u00ed<\/strong><\/p>\n<p style=\"text-align: center;\"><strong>Eva Kopasov\u00e1<\/strong><\/p>\n<p>&nbsp;<\/p>\n<p style=\"text-align: center;\"><img loading=\"lazy\" decoding=\"async\" class=\"wp-image-148 aligncenter\" src=\"http:\/\/www.zrozeni.com\/wp-content\/uploads\/2016\/10\/kolecko.png\" alt=\"kolecko\" width=\"66\" height=\"80\" \/><\/p>\n<p>&nbsp;<\/p>\n<p style=\"text-align: center;\"><span style=\"color: #9b0262;\"><em><strong>\u00a0<\/strong><\/em><\/span><\/p>\n<\/div><div class=\"col-md-3\">\n<h1 style=\"text-align: center;\"><img loading=\"lazy\" decoding=\"async\" class=\"wp-image-45 alignleft\" style=\"margin-top: 0px; margin-bottom: 0px;\" src=\"http:\/\/www.zrozeni.com\/wp-content\/uploads\/2016\/10\/logo-rgb-tesne-300x150.jpg\" alt=\"logo-rgb-tesne\" width=\"106\" height=\"50\" \/><\/h1>\n<p>&nbsp;<\/p>\n<p>&nbsp;<\/p>\n<p>&nbsp;<\/p>\n<p>&nbsp;<\/p>\n<p>&nbsp;<\/p>\n<p><a href=\"http:\/\/www.zrozeni.com\/index.php\/nezny-dotek-a-leciva-vune\/moje-seminare\/\" target=\"_blank\"><strong>Moje semin\u00e1\u0159e<\/strong><\/a><\/p>\n<p><span style=\"color: #999999;\"><strong>Porodn\u00ed p\u00e9<\/strong><strong>\u010de<\/strong><\/span><\/p>\n<p><span style=\"color: #999999;\"><strong>Vo<\/strong><strong>\u0148av\u00e9 porodnice<br \/>\n<\/strong><\/span><\/p>\n<p><span style=\"color: #999999;\"><strong>Placenta &#8211; strom \u017eivota<\/strong><\/span><\/p>\n<p><span style=\"color: #999999;\"><strong>P\u00e9\u010de o p\u0159ed\u010das\u0148\u00e1tka<\/strong><\/span><\/p>\n<p><span style=\"color: #999999;\"><strong>N\u00e1hradn\u00ed p\u00e9\u010de<\/strong><\/span><\/p>\n<p><span style=\"color: #999999;\"><strong>Kyti\u010dkov\u00e9 \u0161kolky<\/strong><\/span><\/p>\n<p><a href=\"http:\/\/www.zrozeni.com\/index.php\/nezny-dotek-a-leciva-vune\/pece-o-zenu\/\" target=\"_blank\"><strong>P\u00e9\u010de o \u017eenu<\/strong><\/a><\/p>\n<p><span style=\"color: #999999;\"><strong>P\u00e9\u010de o seniory<\/strong><\/span><\/p>\n<p><a href=\"http:\/\/www.zrozeni.com\/index.php\/motyli-masaze\/\" target=\"_blank\"><strong>Mot\u00fdl\u00ed mas\u00e1\u017ee<\/strong><\/a><\/p>\n<p><a href=\"http:\/\/www.zrozeni.com\/index.php\/nezny-dotek-a-leciva-vune\/znameni-lotos\/\" target=\"_blank\"><strong>Znamen\u00ed Lotos<\/strong><\/a><\/p>\n<p><span style=\"color: #999999;\"><strong>Fotogalerie<\/strong><\/span><\/p>\n<p><span style=\"color: #999999;\"><strong>Inspirace<\/strong><\/span><\/p>\n<p><a href=\"http:\/\/www.zrozeni.com\/index.php\/nezny-dotek-a-leciva-vune\/napsali-o-nas\/\" target=\"_blank\"><strong>Napsali o n\u00e1s<\/strong><\/a><\/p>\n<\/div><\/div>\n","protected":false},"excerpt":{"rendered":"","protected":false},"author":1,"featured_media":0,"parent":0,"menu_order":0,"comment_status":"closed","ping_status":"closed","template":"","meta":{"footnotes":""},"class_list":["post-23","page","type-page","status-publish","hentry"],"_links":{"self":[{"href":"https:\/\/www.zrozeni.com\/index.php\/wp-json\/wp\/v2\/pages\/23","targetHints":{"allow":["GET"]}}],"collection":[{"href":"https:\/\/www.zrozeni.com\/index.php\/wp-json\/wp\/v2\/pages"}],"about":[{"href":"https:\/\/www.zrozeni.com\/index.php\/wp-json\/wp\/v2\/types\/page"}],"author":[{"embeddable":true,"href":"https:\/\/www.zrozeni.com\/index.php\/wp-json\/wp\/v2\/users\/1"}],"replies":[{"embeddable":true,"href":"https:\/\/www.zrozeni.com\/index.php\/wp-json\/wp\/v2\/comments?post=23"}],"version-history":[{"count":69,"href":"https:\/\/www.zrozeni.com\/index.php\/wp-json\/wp\/v2\/pages\/23\/revisions"}],"predecessor-version":[{"id":886,"href":"https:\/\/www.zrozeni.com\/index.php\/wp-json\/wp\/v2\/pages\/23\/revisions\/886"}],"wp:attachment":[{"href":"https:\/\/www.zrozeni.com\/index.php\/wp-json\/wp\/v2\/media?parent=23"}],"curies":[{"name":"wp","href":"https:\/\/api.w.org\/{rel}","templated":true}]}}