{"id":919,"date":"2018-11-18T13:54:14","date_gmt":"2018-11-18T12:54:14","guid":{"rendered":"http:\/\/www.zrozeni.com\/?page_id=919"},"modified":"2018-11-18T13:57:04","modified_gmt":"2018-11-18T12:57:04","slug":"kvetove-esence-dovedou-harmonizovat-emocni-prozivani","status":"publish","type":"page","link":"http:\/\/www.zrozeni.com\/index.php\/nezny-dotek-a-leciva-vune\/napsali-o-nas\/kvetove-esence-dovedou-harmonizovat-emocni-prozivani\/","title":{"rendered":"Kv\u011btov\u00e9 esence dovedou harmonizovat emo\u010dn\u00ed pro\u017e\u00edv\u00e1n\u00ed"},"content":{"rendered":"<div class=\"row\"> <div class=\"col-md-1\">\n<\/div><div class=\"col-md-10\">\n<p><img loading=\"lazy\" decoding=\"async\" class=\"alignnone wp-image-45 aligncenter\" style=\"margin-top: 0px; margin-bottom: 0px;\" src=\"http:\/\/www.zrozeni.com\/wp-content\/uploads\/2016\/10\/logo-rgb-tesne-300x150.jpg\" alt=\"logo-rgb-tesne\" width=\"106\" height=\"50\" \/><\/p>\n<h1 style=\"text-align: center;\"><strong>Kv\u011btov\u00e9 esence dovedou harmonizovat emo\u010dn\u00ed pro\u017e\u00edv\u00e1n\u00ed<\/strong><\/h1>\n<h1 style=\"text-align: center;\"><strong>b\u011bhem t\u011bhotenstv\u00ed nebo po porodu<\/strong><\/h1>\n<p><strong><em>\u00a0<\/em><\/strong><\/p>\n<p style=\"text-align: center;\"><strong>Martina | \u017dENA s.r.o., 15.10.2018<\/strong><\/p>\n<p><strong>\u00a0<img loading=\"lazy\" decoding=\"async\" class=\"size-medium wp-image-920 aligncenter\" src=\"http:\/\/www.zrozeni.com\/wp-content\/uploads\/2018\/11\/zrozeni.com_clanek-kvetove-esence_Foto-1-300x197.jpg\" alt=\"zrozeni.com_clanek kvetove esence_Foto 1\" width=\"300\" height=\"197\" srcset=\"http:\/\/www.zrozeni.com\/wp-content\/uploads\/2018\/11\/zrozeni.com_clanek-kvetove-esence_Foto-1-300x197.jpg 300w, http:\/\/www.zrozeni.com\/wp-content\/uploads\/2018\/11\/zrozeni.com_clanek-kvetove-esence_Foto-1-768x505.jpg 768w, http:\/\/www.zrozeni.com\/wp-content\/uploads\/2018\/11\/zrozeni.com_clanek-kvetove-esence_Foto-1-1024x673.jpg 1024w, http:\/\/www.zrozeni.com\/wp-content\/uploads\/2018\/11\/zrozeni.com_clanek-kvetove-esence_Foto-1.jpg 1400w\" sizes=\"auto, (max-width: 300px) 100vw, 300px\" \/><\/strong><\/p>\n<p style=\"text-align: center;\"><strong>www.zenysro.cz<\/strong><\/p>\n<p style=\"text-align: justify;\"><strong>\u201e<em>Sv\u00fdm p\u016fvodn\u00edm vzd\u011bl\u00e1n\u00edm jsem biochemik a po \u0161kole jsem se 12 let v\u011bnovala klinick\u00e9 diagnostice. Pozd\u011bji jsem za\u010dala studovat z\u00e1klady tradi\u010dn\u00ed \u010d\u00ednsk\u00e9 medic\u00edny a mnoho dal\u0161\u00edch odborn\u00fdch semin\u00e1\u0159\u016f od zahrani\u010dn\u00edch, ale i \u010desk\u00fdch l\u00e9ka\u0159\u016f<\/em>,\u201c vypr\u00e1v\u00ed o sob\u011b <span style=\"color: #9b0262;\">Eva Kopasov\u00e1<\/span>. Jej\u00ed budouc\u00ed sm\u011b\u0159ov\u00e1n\u00ed z\u00e1sadn\u011b ovlivnily a roz\u0161\u00ed\u0159ily odborn\u00e9 semin\u00e1\u0159e antropozofick\u00e9 medic\u00edny. V\u00a0r\u00e1mci t\u011bchto semin\u00e1\u0159\u016f m\u011bla mo\u017enost nav\u0161t\u00edvit v\u00fdznamn\u00e9 kliniky a farmaceutick\u00e9 spole\u010dnosti ve \u0160v\u00fdcarsku a N\u011bmecku. \u201e<em>Ji\u017e 13 let p\u016fsob\u00edm v\u00a0oblasti <span style=\"color: #9b0262;\">porodnictv\u00ed a vedle aromaterapie<\/span>, kter\u00e9 se profesn\u011b v\u011bnuji mnoho let, se zam\u011b\u0159uji na \u00fapln\u011b nov\u00e9 <span style=\"color: #9b0262;\">kv\u011btov\u00e9 esence s\u00a0v\u016fn\u011bmi<\/span>, kter\u00e9 jsou bohat\u00e9 na bioaktivn\u00ed l\u00e1tky l\u00e9\u010div\u00fdch rostlin a obsahuj\u00ed v\u00fdta\u017eky ze vz\u00e1cn\u00fdch olej\u016f a kv\u011bt\u016f,<\/em>\u201c popisuje Eva sv\u00e9 posl\u00e1n\u00ed.<\/strong><\/p>\n<p style=\"text-align: justify;\"><img loading=\"lazy\" decoding=\"async\" class=\"size-medium wp-image-921 aligncenter\" src=\"http:\/\/www.zrozeni.com\/wp-content\/uploads\/2018\/11\/zrozeni.com_clanek-kvetove-esence_Foto-2-300x225.png\" alt=\"zrozeni.com_clanek kvetove esence_Foto 2\" width=\"300\" height=\"225\" srcset=\"http:\/\/www.zrozeni.com\/wp-content\/uploads\/2018\/11\/zrozeni.com_clanek-kvetove-esence_Foto-2-300x225.png 300w, http:\/\/www.zrozeni.com\/wp-content\/uploads\/2018\/11\/zrozeni.com_clanek-kvetove-esence_Foto-2-768x576.png 768w, http:\/\/www.zrozeni.com\/wp-content\/uploads\/2018\/11\/zrozeni.com_clanek-kvetove-esence_Foto-2-1024x768.png 1024w, http:\/\/www.zrozeni.com\/wp-content\/uploads\/2018\/11\/zrozeni.com_clanek-kvetove-esence_Foto-2.png 1037w\" sizes=\"auto, (max-width: 300px) 100vw, 300px\" \/><\/p>\n<p style=\"text-align: justify;\"><strong>Jej\u00ed p\u016fsoben\u00ed je v\u0161ak mnohem bohat\u0161\u00ed, ne\u017e by se na prvn\u00ed pohled mohlo zd\u00e1t. Vede semin\u00e1\u0159e pro t\u011bhotn\u00e9 \u017eeny a nast\u00e1vaj\u00edc\u00ed tat\u00ednky a spolupracuje s\u00a0porodn\u00edmi asistentkami a neonatologick\u00fdmi sestrami, kter\u00e9 u\u010d\u00ed neinvazivn\u00ed nefarmakologick\u00e9 p\u0159\u00edstupy. Ty mohou podpo\u0159it nejen <span style=\"color: #9b0262;\">rodi\u010dky<\/span>, ale v\u016fbec cel\u00fd <span style=\"color: #9b0262;\">p\u0159irozen\u00fd p\u0159\u00edchod d\u00edt\u011bte<\/span> na sv\u011bt.<\/strong><\/p>\n<p style=\"text-align: justify;\"><strong>Eva sv\u00e9 znalosti a zku\u0161enosti sepsala tak\u00e9 do n\u011bkolika knih. Mezi jej\u00ed publikace pat\u0159\u00ed <span style=\"color: #9b0262;\">Mot\u00fdl\u00ed mas\u00e1\u017ee pro novoroze\u0148\u00e1tka<\/span>. Je spoluautorkou knihy <span style=\"color: #9b0262;\">Narodilo se p\u0159ed\u010dasn\u011b<\/span> a vydala novou \u0159adu <span style=\"color: #9b0262;\">Kv\u011btov\u00fdch esenc\u00ed s\u00a0v\u016fn\u00ed<\/span> (rok 2016).<\/strong><\/p>\n<p style=\"text-align: justify;\"><strong>\u201e<em>Vytvo\u0159ila jsem a rozv\u00edj\u00edm koncept <span style=\"color: #9b0262;\">Cestou jemn\u00e9ho doteku<\/span>. Ten spo\u010d\u00edv\u00e1 v\u00a0tom, \u017ee pomoc\u00ed vo\u0148av\u00fdch dotek\u016f, jemn\u00e9 stimulace a kv\u011btov\u00fdch esenc\u00ed s\u00a0v\u016fn\u00ed je podporovan\u00fd zdrav\u00fd emo\u010dn\u00ed a t\u011blesno-energetick\u00fd a smyslov\u00fd v\u00fdvoj d\u011bt\u00ed ji\u017e od jejich po\u010det\u00ed. Stejn\u011b tak p\u016fsob\u00ed harmoniza\u010dn\u011b a l\u00e9\u010div\u011b v\u00a0r\u016fzn\u00fdch obdob\u00edch \u017eivota \u017eeny<\/em>,\u201c popisuje Eva sv\u016fj projekt, kter\u00e9mu se nyn\u00ed aktivn\u011b v\u011bnuje.<\/strong><\/p>\n<p style=\"text-align: justify;\"><strong>Na \u00fapln\u00e9m za\u010d\u00e1tku Eva p\u0159ipravila ucelen\u00fd postup <span style=\"color: #9b0262;\">ope\u010dov\u00e1v\u00e1n\u00ed novoroze\u0148\u00e1tek a p\u0159ed\u010das\u0148\u00e1tek<\/span>, jako jsou <span style=\"color: #9b0262;\">Konej\u0161iv\u00e9 doteky, Hlazen\u00ed p\u011bti Srdc\u00ed \u010di Hedv\u00e1bn\u00e9 hlazen\u00ed a tak\u00e9 Mot\u00fdl\u00ed mas\u00e1\u017ee<\/span>. Jejich ned\u00edlnou sou\u010d\u00e1st\u00ed jsou i kv\u011btov\u00e9 esence s\u00a0jem\u0148ounkou v\u016fn\u00ed. Je to p\u0159\u00edstup, kter\u00fd tu chyb\u011bl, proto\u017ee doned\u00e1vna byly v \u010cech\u00e1ch zn\u00e1my \u201ejenom\u201c Baby mas\u00e1\u017ee vhodn\u00e9 pro d\u011bti od 3 m\u011bs\u00edc\u016f.<\/strong><\/p>\n<p style=\"text-align: justify;\"><img loading=\"lazy\" decoding=\"async\" class=\"size-medium wp-image-122 aligncenter\" src=\"http:\/\/www.zrozeni.com\/wp-content\/uploads\/2016\/10\/Evka-229x300.png\" alt=\"evka\" width=\"229\" height=\"300\" srcset=\"http:\/\/www.zrozeni.com\/wp-content\/uploads\/2016\/10\/Evka-229x300.png 229w, http:\/\/www.zrozeni.com\/wp-content\/uploads\/2016\/10\/Evka-768x1007.png 768w, http:\/\/www.zrozeni.com\/wp-content\/uploads\/2016\/10\/Evka-781x1024.png 781w\" sizes=\"auto, (max-width: 229px) 100vw, 229px\" \/><\/p>\n<p style=\"text-align: justify;\"><strong>Na neonatologick\u00e1 odd\u011blen\u00ed p\u0159in\u00e1\u0161\u00ed projekt <span style=\"color: #9b0262;\"><em>Vo\u0148av\u00fdch dome\u010dk\u016f,<\/em><\/span> kdy se jemn\u00fdm vo\u0148av\u00fdm dotek\u016fm a <em>Mot\u00fdl\u00edm mas\u00e1\u017e\u00edm<\/em> u\u010d\u00ed rodi\u010de tak, aby se um\u011bli dot\u00fdkat sv\u00fdch p\u0159ed\u010das\u0148\u00e1tek v\u00a0inkub\u00e1toru, a t\u00edm je podpo\u0159it ve v\u00fdvoji a l\u00e9\u010dit na jejich cest\u011b \u201en\u00e1ro\u010dn\u011bj\u0161\u00edho\u201c vstupu do \u017eivota.<\/strong><\/p>\n<p style=\"text-align: justify;\"><strong>V r\u00e1mci Cesty jemn\u00e9ho doteku za\u010daly vznikat postupem \u010dasu i dal\u0161\u00ed nov\u00e9 aktivity, d\u00edky kter\u00fdm Eva spolupracuje <span style=\"color: #9b0262;\">s\u00a0mate\u0159sk\u00fdmi \u0161kolkami i z\u00e1kladn\u00edmi \u0161kolami<\/span>. \u201e<em>Jedn\u00e1 se konkr\u00e9tn\u011b o <span style=\"color: #9b0262;\">Kyti\u010dkov\u00e9 d\u011btstv\u00ed s\u00a0v\u016fn\u00ed R\u016f\u017ee<\/span>. C\u00edlem t\u00e9to aktivity je skute\u010dnost, \u017ee kv\u011btov\u00e9 esence s\u00a0v\u016fn\u00ed a c\u00edlen\u00e1 jemn\u00e1 stimulace dovedou pomoci d\u011btem a p\u016fsob\u00ed blahod\u00e1rn\u011b na jejich v\u0161estrann\u00fd v\u00fdvoj. D\u011btem se v\u016fn\u011b moc l\u00edb\u00ed a s\u00a0velk\u00fdm pot\u011b\u0161en\u00edm je samy r\u00e1dy pou\u017e\u00edvaj\u00ed,\u201c<\/em> vysv\u011btluje Eva.<\/strong><\/p>\n<p style=\"text-align: justify;\"><strong>Letos p\u0159ipravila pro \u017eeny l\u00e9\u010div\u00fd semin\u00e1\u0159 <span style=\"color: #9b0262;\">Kyti\u010dkov\u00e1 alchymie \u017een<\/span>. \u201e<em>Na tomto semin\u00e1\u0159i \u017eeny u\u010d\u00edm, jak se mohou ope\u010dov\u00e1vat tak, aby se samy um\u011bly podpo\u0159it v\u00a0r\u016fzn\u00fdch situac\u00edch a obdob\u00edch sv\u00e9ho \u017eivota. Od \u010dasn\u00e9ho dosp\u00edv\u00e1n\u00ed a\u017e po v\u011bk modr\u00e9 \u017eeny. P\u0159es hormon\u00e1ln\u00ed rovnov\u00e1hu a cel\u00fd endokrinn\u00ed syst\u00e9m, harmonizaci emo\u010dn\u00edho nalad\u011bn\u00ed \u010di vitalizaci \u017eivotn\u00ed energie. Ale i mnoho dal\u0161\u00edho<\/em>,\u201c dopl\u0148uje sv\u00e9 dal\u0161\u00ed aktivity. Z\u00e1rove\u0148 poukazuje na to, \u017ee <span style=\"color: #9b0262;\">kv\u011btov\u00e9 esence s\u00a0v\u016fn\u00ed a mot\u00fdl\u00ed doteky<\/span> se v\u00fdznamn\u011b osv\u011bd\u010dily i p\u0159i podpo\u0159e kvality \u017eivota <span style=\"color: #9b0262;\">v\u00a0onkologick\u00e9 a paliativn\u00ed l\u00e9\u010db\u011b<\/span>.<\/strong><\/p>\n<p style=\"text-align: justify;\"><img loading=\"lazy\" decoding=\"async\" class=\"size-medium wp-image-922 aligncenter\" src=\"http:\/\/www.zrozeni.com\/wp-content\/uploads\/2018\/11\/zrozeni.com_clanek-kvetove-esence_Foto-4-300x225.png\" alt=\"zrozeni.com_clanek kvetove esence_Foto 4\" width=\"300\" height=\"225\" srcset=\"http:\/\/www.zrozeni.com\/wp-content\/uploads\/2018\/11\/zrozeni.com_clanek-kvetove-esence_Foto-4-300x225.png 300w, http:\/\/www.zrozeni.com\/wp-content\/uploads\/2018\/11\/zrozeni.com_clanek-kvetove-esence_Foto-4-768x576.png 768w, http:\/\/www.zrozeni.com\/wp-content\/uploads\/2018\/11\/zrozeni.com_clanek-kvetove-esence_Foto-4-1024x768.png 1024w, http:\/\/www.zrozeni.com\/wp-content\/uploads\/2018\/11\/zrozeni.com_clanek-kvetove-esence_Foto-4.png 1037w\" sizes=\"auto, (max-width: 300px) 100vw, 300px\" \/><\/p>\n<p style=\"text-align: justify;\"><strong><span style=\"color: #9b0262;\">T\u011bhotenstv\u00ed a porod <\/span>je pro \u017eenu kr\u00e1sn\u00fdm, ale i n\u00e1ro\u010dn\u00fdm obdob\u00edm. Co rad\u00ed \u017een\u00e1m, aby se na tyto okam\u017eiky mohly co nejl\u00e9pe p\u0159ipravit a jak mohou pomoci kv\u011btov\u00e9 esence? \u201e<span style=\"color: #9b0262;\"><em>Kv\u011btov\u00e9 esence<\/em><\/span><em> dovedou <span style=\"color: #9b0262;\">harmonizovat emo\u010dn\u00ed pro\u017e\u00edv\u00e1n\u00ed<\/span>, ale tak\u00e9 dovedou podpo\u0159it i jej\u00ed zklidn\u011bn\u00ed se do vnit\u0159n\u00edho st\u0159edu. Co\u017e je v\u00a0t\u011bhotenstv\u00ed a zejm\u00e9na p\u0159i porodu nesm\u00edrn\u011b d\u016fle\u017eit\u00e9,\u201c \u0159\u00edk\u00e1. P\u016fsoben\u00edm kv\u011btov\u00fdch esenc\u00ed na jednotliv\u00e9 oblasti endokrinn\u00edho syst\u00e9mu je podporov\u00e1na a vitalizov\u00e1na \u010dinnost hormon\u016f (kv\u011btov\u00e1 esence R\u016f\u017eov\u00e9 osv\u011b\u017een\u00ed). A pokud se hladina hormon\u016f vyv\u00edj\u00ed harmonicky, tak je tak\u00e9 podporov\u00e1n i spr\u00e1vn\u00fd v\u00fdvoj d\u011b\u0165\u00e1tka. Ale i p\u0159i samotn\u00e9m porodu je jeden z\u00a0nejd\u016fle\u017eit\u011bj\u0161\u00edch hormon\u016f pr\u00e1v\u011b oxytocin. Je v\u017edy p\u0159irozen\u011bj\u0161\u00ed podpo\u0159it hormon\u00e1ln\u00ed rovnov\u00e1hu pomoc\u00ed l\u00e9\u010div\u00e9 s\u00edly p\u0159\u00edrody ne\u017e syntetickou cestou, kdy\u017e je ta mo\u017enost.<\/em><\/strong><\/p>\n<p style=\"text-align: justify;\"><strong>Eva z\u00e1rove\u0148 poukazuje na t\u00e9ma, kter\u00e9 je dnes st\u00e1le je\u0161t\u011b pom\u011brn\u011b opom\u00edjen\u00e9 \u2013 <span style=\"color: #9b0262;\">placenta<\/span><em>. \u201eMou velkou touhou je tuto problematiku otev\u0159\u00edt a pouk\u00e1zat na ni. Placenta je neskute\u010dn\u00fdm <span style=\"color: #9b0262;\">biologick\u00fdm stromem \u017eivota<\/span>, p\u0159es kter\u00fd dost\u00e1v\u00e1me v\u00fd\u017eivu, kysl\u00edk a energii od maminky. Geneticky je naprosto identick\u00e1 s\u00a0n\u00e1mi. <span style=\"color: #9b0262;\">Placenta tvo\u0159\u00ed ko\u0159eny<\/span> na\u0161eho p\u016fvodu a je na\u0161\u00ed ned\u00edlnou sou\u010d\u00e1st\u00ed, ale i m\u00edstem vz\u00e1jemn\u00e9ho fyzick\u00e9ho i psychick\u00e9ho propojen\u00ed s\u00a0maminkou a\u017e do porodu. D\u00edky jej\u00edmu nezam\u011bniteln\u00e9mu, \u017eivotn\u011b d\u016fle\u017eit\u00e9mu v\u00fdznamu ji proto p\u0159in\u00e1le\u017e\u00ed na\u0161e pozornost, vd\u011bk a \u00facta. Zaslou\u017e\u00ed si, abychom ji tak vn\u00edmali a tak\u00e9 s n\u00ed i po porodu zach\u00e1zeli,\u201c<\/em> vysv\u011btluje.<\/strong><\/p>\n<p style=\"text-align: justify;\"><strong><span style=\"color: #9b0262;\">\u00dacta k\u00a0placent\u011b<\/span> m\u016f\u017ee b\u00fdt pro mnoho \u017een stejn\u011b tak i zp\u016fsob, jak vyj\u00e1d\u0159it <span style=\"color: #9b0262;\">pod\u011bkov\u00e1n\u00ed vlastn\u00edmu t\u011blu<\/span> za dev\u011bt m\u011bs\u00edc\u016f cesty t\u011bhotenstv\u00edm a cestu porodem. Tento ritu\u00e1l j\u00ed m\u016f\u017ee pomoci uzav\u0159\u00edt cel\u00e9 \u017eivotn\u00ed obdob\u00ed, ve kter\u00e9m se jako \u017eena p\u0159erodila v\u00a0maminku. A rozlou\u010dit se s\u00a0t\u00edm, co v\u00a0pr\u016fb\u011bhu t\u00e9to cesty prob\u011bhlo. Je to hluboce vnit\u0159n\u00ed a soukrom\u00e1 chvilka \u017eeny, kdy si m\u016f\u017ee sama pro sebe v\u0161e shrnout. Jak se v\u00a0n\u00ed dev\u011bt m\u011bs\u00edc\u016f rodilo mate\u0159stv\u00ed, nad\u011bje a pocit napln\u011bn\u00ed pro nov\u00fd \u017eivot a novou rodinu.<\/strong><\/p>\n<p style=\"text-align: justify;\"><img loading=\"lazy\" decoding=\"async\" class=\"size-medium wp-image-422 aligncenter\" src=\"http:\/\/www.zrozeni.com\/wp-content\/uploads\/2017\/01\/zrozeni_placenta-300x275.png\" alt=\"zrozeni_placenta\" width=\"300\" height=\"275\" srcset=\"http:\/\/www.zrozeni.com\/wp-content\/uploads\/2017\/01\/zrozeni_placenta-300x275.png 300w, http:\/\/www.zrozeni.com\/wp-content\/uploads\/2017\/01\/zrozeni_placenta-768x703.png 768w, http:\/\/www.zrozeni.com\/wp-content\/uploads\/2017\/01\/zrozeni_placenta-1024x937.png 1024w, http:\/\/www.zrozeni.com\/wp-content\/uploads\/2017\/01\/zrozeni_placenta.png 2143w\" sizes=\"auto, (max-width: 300px) 100vw, 300px\" \/><\/p>\n<p style=\"text-align: justify;\"><strong>\u201e<\/strong><em><strong>Je pro m\u011b velkou radost\u00ed p\u0159in\u00e1\u0161et Cestu jemn\u00e9ho doteku v\u0161ude tam, kde d\u00e1v\u00e1 mnoho l\u00e9\u010div\u00e9 a vo\u0148av\u00e9 pomoci. P\u0159irozen\u011b p\u0159ich\u00e1z\u00ed v\u0161ude tam, kde je j\u00ed pot\u0159eba. A nav\u00edc, tato cesta je velmi p\u0159\u00edjemn\u00e1 a osv\u011b\u017euj\u00edc\u00ed a nez\u00e1le\u017e\u00ed p\u0159i n\u00ed ani na v\u011bku. Proto je stejn\u011b otev\u0159en\u00e1 pro v\u0161echny<\/strong><\/em><strong>,\u201c uzav\u00edr\u00e1 Eva<\/strong><\/p>\n<p class=\"size-medium wp-image-550 aligncenter\" style=\"text-align: justify;\"><\/div><div class=\"col-md-1\">\n<p style=\"text-align: justify;\"><\/div><\/div>\n","protected":false},"excerpt":{"rendered":"","protected":false},"author":1,"featured_media":0,"parent":812,"menu_order":0,"comment_status":"closed","ping_status":"closed","template":"page-fullwidth.php","meta":{"footnotes":""},"class_list":["post-919","page","type-page","status-publish","hentry"],"_links":{"self":[{"href":"http:\/\/www.zrozeni.com\/index.php\/wp-json\/wp\/v2\/pages\/919","targetHints":{"allow":["GET"]}}],"collection":[{"href":"http:\/\/www.zrozeni.com\/index.php\/wp-json\/wp\/v2\/pages"}],"about":[{"href":"http:\/\/www.zrozeni.com\/index.php\/wp-json\/wp\/v2\/types\/page"}],"author":[{"embeddable":true,"href":"http:\/\/www.zrozeni.com\/index.php\/wp-json\/wp\/v2\/users\/1"}],"replies":[{"embeddable":true,"href":"http:\/\/www.zrozeni.com\/index.php\/wp-json\/wp\/v2\/comments?post=919"}],"version-history":[{"count":4,"href":"http:\/\/www.zrozeni.com\/index.php\/wp-json\/wp\/v2\/pages\/919\/revisions"}],"predecessor-version":[{"id":927,"href":"http:\/\/www.zrozeni.com\/index.php\/wp-json\/wp\/v2\/pages\/919\/revisions\/927"}],"up":[{"embeddable":true,"href":"http:\/\/www.zrozeni.com\/index.php\/wp-json\/wp\/v2\/pages\/812"}],"wp:attachment":[{"href":"http:\/\/www.zrozeni.com\/index.php\/wp-json\/wp\/v2\/media?parent=919"}],"curies":[{"name":"wp","href":"https:\/\/api.w.org\/{rel}","templated":true}]}}