{"id":901,"date":"2018-08-14T17:15:23","date_gmt":"2018-08-14T16:15:23","guid":{"rendered":"http:\/\/www.zrozeni.com\/?page_id=901"},"modified":"2018-08-14T17:19:09","modified_gmt":"2018-08-14T16:19:09","slug":"vnitrni-dite","status":"publish","type":"page","link":"http:\/\/www.zrozeni.com\/index.php\/nezny-dotek-a-leciva-vune\/pece-o-zenu\/vnitrni-dite\/","title":{"rendered":"Vnit\u0159n\u00ed d\u00edt\u011b"},"content":{"rendered":"<div class=\"row\"> <div class=\"col-md-1\">\n<\/div><div class=\"col-md-10\">\n<h1><img loading=\"lazy\" decoding=\"async\" class=\"aligncenter wp-image-45\" src=\"http:\/\/www.zrozeni.com\/wp-content\/uploads\/2016\/10\/logo-rgb-tesne-300x150.jpg\" alt=\"logo-rgb-tesne\" width=\"106\" height=\"50\" \/><\/h1>\n<h1 style=\"text-align: center;\"><span style=\"color: #a00064;\"><strong>Vnit\u0159n\u00ed d\u00edt\u011b<br \/>\n<\/strong><\/span><\/h1>\n<h3 style=\"text-align: center;\"><span style=\"color: #c63a8e;\"><strong><em>a vo\u0148av\u00e1 pe\u010de o n\u011bj<\/em><\/strong><\/span><\/h3>\n<p>&nbsp;<\/p>\n<p><img loading=\"lazy\" decoding=\"async\" class=\"size-medium wp-image-905 aligncenter\" src=\"http:\/\/www.zrozeni.com\/wp-content\/uploads\/2018\/08\/vnitrni-dite-300x186.png\" alt=\"vnitrni-dite\" width=\"300\" height=\"186\" srcset=\"http:\/\/www.zrozeni.com\/wp-content\/uploads\/2018\/08\/vnitrni-dite-300x186.png 300w, http:\/\/www.zrozeni.com\/wp-content\/uploads\/2018\/08\/vnitrni-dite-80x50.png 80w, http:\/\/www.zrozeni.com\/wp-content\/uploads\/2018\/08\/vnitrni-dite.png 499w\" sizes=\"auto, (max-width: 300px) 100vw, 300px\" \/><\/p>\n<p>&nbsp;<\/p>\n<h3 style=\"text-align: center;\"><span style=\"color: #c63a8e;\"><strong><em>Nechme sv\u00e9 vnit\u0159n\u00ed d\u00edt\u011b tancovat radost\u00ed<\/em><\/strong><\/span><\/h3>\n<p>&nbsp;<\/p>\n<p style=\"text-align: justify;\"><strong>\u00a0 Vnit\u0159n\u00ed d\u00edt\u011b je ve sv\u00e9 nejhlub\u0161\u00ed podstat\u011b pln\u00e9 hravosti, kreativity, zv\u00eddavosti a radosti. Jeho p\u0159irozen\u00e9 p\u016fvodn\u00ed nalad\u011bn\u00ed otev\u00edr\u00e1 v n\u00e1s schopnost objevovat sv\u011bt, ale tak\u00e9 n\u00e1s dovede v\u00e9st k\u00a0pocitu \u00fa\u017easu \u010di nad\u0161en\u00ed. Mal\u00e9 d\u011bti jsou ve sv\u00e9 \u010distot\u011b opravdov\u00e9 a up\u0159\u00edmn\u00e9. Proto v\u0161ichni m\u00e1me tuto d\u011btskou \u010d\u00e1st hluboce ve sv\u00e9m nitru. Tuto \u017eivotn\u00ed pravdu m\u00e1me vepsanou do v\u011bdom\u00ed sv\u00e9ho srdce. Propojen\u00edm se v l\u00e1skypln\u00e9m vztahu se sv\u00fdm <span style=\"color: #9b0262;\"><em>vnit\u0159n\u00edm d\u00edt\u011btem<\/em><\/span> v\u00a0jeho prvotn\u00ed p\u0159irozenosti je hlubok\u00fdm samo-l\u00e9\u010div\u00fdm procesem. Hla\u010fme a dosycujme svoje vnit\u0159n\u00ed d\u00edt\u011b \u2013 je to to nejlep\u0161\u00ed, co m\u016f\u017eeme pro n\u011bj ud\u011blat.<\/strong><\/p>\n<p style=\"text-align: justify;\"><strong>\u00a0 <em><span style=\"color: #9b0262;\">Obdob\u00ed prenat\u00e1ln\u00edho v\u00fdvoje, okam\u017eik porodu a n\u00e1sledn\u011b d\u011btstv\u00ed p\u0159ibli\u017en\u011b asi do dev\u00edti let,<\/span> <\/em>to v\u0161e jsou obdob\u00edmi na\u0161eho \u017eivota, kter\u00e1 na n\u00e1s i jako na dosp\u011bl\u00e9 maj\u00ed podstatn\u011b siln\u00e9 vlivy. P\u0159edev\u0161\u00edm na to, jak se chov\u00e1me a jak reagujeme. Je d\u016fle\u017eit\u00e9 a z\u00e1rove\u0148 i ulevuj\u00edc\u00ed vystoupit z\u00a0energi\u00ed d\u011btsk\u00fdch bol\u00edstek, kter\u00e9 si v\u00a0srdci nos\u00edme n\u011bkdy pom\u011brn\u011b dlouho. Nebo z obrann\u00fdch vzorc\u016f, kter\u00e9 jsme si vytvo\u0159ili pro mo\u017enost p\u0159e\u017eit\u00ed v\u00a0na\u0161em d\u0159\u00edv\u011bj\u0161\u00edm d\u011btsk\u00e9m sv\u011bt\u011b. A to hlavn\u011b proto, abychom v\u00a0dosp\u011blosti st\u00e1le opakovan\u011b nereagovali sv\u00fdm zran\u011bn\u00fdm vnit\u0159n\u00edm d\u00edt\u011btem, kter\u00e9 se znovu a znovu dot\u00fdk\u00e1 sv\u00e9ho d\u00e1vn\u00e9ho bolestn\u00e9ho z\u00e1\u017eitku \u010di vzpom\u00ednky k\u0159ivdy. Proto\u017ee nemilovan\u00e9 \u010di ubl\u00ed\u017een\u00e9 vnit\u0159n\u00ed d\u00edt\u011b d\u0159\u00edme v\u00a0hloubi na\u0161i Du\u0161e a m\u016f\u017ee opakovan\u011b ovliv\u0148ovat n\u00e1\u0161 dosp\u011bl\u00fd sv\u011bt a na\u0161e pohledy na n\u011bj.<\/strong><\/p>\n<p style=\"text-align: justify;\"><strong>\u00a0 <span style=\"color: #9b0262;\"><em>\u201eVo\u0148av\u00e9<\/em> <em>pohlazen\u00ed vnit\u0159n\u00edho d\u00edt\u011bte\u201c<\/em><\/span> je proces l\u00e9\u010den\u00ed minulosti v n\u00e1s, kdy se dot\u00fdk\u00e1me i d\u00e1vn\u00fdch a hluboce ulo\u017een\u00fdch z\u00e1\u017eitk\u016f a emoc\u00ed, kter\u00e9 m\u016f\u017eeme i po l\u00e9tech zp\u011btn\u011b ope\u010dov\u00e1vat a dosycovat tak, abychom se postupn\u011b mohli za\u010d\u00edt projevovat ve sv\u00e9 p\u016fvodn\u00ed, tedy ve skute\u010dn\u00e9 a svobodn\u00e9 tvo\u0159ivosti. Je to proces, kter\u00fd n\u00e1m pom\u00e1h\u00e1 uznat sebe sam\u00fdch, k\u00fdm ve skute\u010dnosti jsme, a z\u00e1rove\u0148 p\u0159i tom projevovat svou podstatu a ka\u017edodenn\u011b j\u00ed i \u017e\u00edt.<\/strong><\/p>\n<p style=\"text-align: justify;\"><strong><em>\u00a0 <span style=\"color: #9b0262;\">\u201eVo\u0148av\u00e9<\/span><\/em><span style=\"color: #9b0262;\"> <em>pohlazen\u00ed vnit\u0159n\u00edho d\u00edt\u011bte\u201c<\/em><\/span> je mimo jin\u00e9 tak\u00e9 o vnit\u0159n\u00edm pocitu <em>\u201em\u00e1m se r\u00e1da\u201c. <\/em>Tento pocit byl toti\u017e d\u016fle\u017eit\u00fd nejen pro na\u0161i du\u0161i v\u00a0dob\u011b, kdy\u017e jsme byly je\u0161t\u011b mal\u00e9 hol\u010di\u010dky, ale stejn\u011b tak je tento pocit pro n\u00e1s d\u016fle\u017eit\u00fd i v dosp\u011blosti pro zdravou vnit\u0159n\u00ed \u017eenskou harmonii. V\u011bnujme sv\u00e9mu vnit\u0159n\u00edmu d\u00edt\u011bti pozornost a dosycujme jej tak \u010dasto, jak je to jen mo\u017en\u00e9 a pot\u0159ebn\u00e9 \u2026 abychom ho roztancovali do veselosti, radosti a svobodn\u00e9 tvo\u0159ivosti.<\/strong><\/p>\n<p style=\"text-align: justify;\"><strong>\u00a0 Je stejn\u011b d\u016fle\u017eit\u00e9 si uv\u011bdomit, \u017ee v\u0161echny nezpracovan\u00e9 t\u00ed\u017eiv\u00e9 pocity \u010di z\u00e1\u017eitky p\u0159edstavuj\u00ed pro n\u00e1s tak\u00e9 <span style=\"color: #9b0262;\"><em>emo\u010dn\u00ed vrstvu toxicity<\/em>.<\/span> T\u011blo toti\u017e usklad\u0148uje v\u0161echny nezpracovan\u00e9 emoce a my\u0161lenky v sob\u011b a mohou se projevovat a\u017e na bun\u011b\u010dn\u00e9 \u00farovni. Citov\u00e9 z\u00e1\u017eitky p\u0159edstavuj\u00ed siln\u00fd potenci\u00e1l, kter\u00fd dovede hluboce zas\u00e1hnout t\u011blo a prom\u00edt\u00e1 se tak do t\u011blesn\u00e9 struktury, fyziologie a biochemie. Nevy\u0159e\u0161en\u00e9 pocity smutku, k\u0159ivdy, \u0161oku, strachu \u010di vzteku atd. dok\u00e1\u017e\u00ed t\u011blo n\u011bkdy destabilizovat se\u00a0stejnou \u00fa\u010dinnosti, jako kter\u00e1koliv \u201ehmotn\u00e1\u201c toxick\u00e1 l\u00e1tka.<\/strong><\/p>\n<p style=\"text-align: justify;\"><strong><em>\u00a0 <\/em>Na semin\u00e1\u0159i<span style=\"color: #9b0262;\"><em> \u201eVnit\u0159n\u00ed alchymie \u017eeny\u201c <\/em><\/span>si pov\u00edme o d\u016fle\u017eit\u00fdch souvislostech na\u0161eho vnit\u0159n\u00edho d\u00edt\u011bte pro n\u00e1\u0161 dosp\u011bl\u00fd \u017eivot a nau\u010d\u00edme se <span style=\"color: #9b0262;\"><em>\u201eVo\u0148av\u00e9mu<\/em> <\/span><em><span style=\"color: #9b0262;\">pohlazen\u00ed vnit\u0159n\u00edho d\u00edt\u011bte\u201c,<\/span> <\/em>kter\u00e9 jemn\u011b a do hloubky p\u0159el\u00e9\u010d\u00ed d\u00e1vn\u00e9 d\u011btsk\u00e9 k\u0159ivdy \u010di bol\u00edstky. Tak\u00e9 se dotkneme sv\u00e9ho srdce a l\u00e9\u010div\u011b jej provon\u00edme, aby se doko\u0159\u00e1n otev\u0159elo pro l\u00e1skyplnou a radostnou tvo\u0159ivost. Nau\u010d\u00edme se d\u016fle\u017eitou dotekovou a kyti\u010dkovou stimulaci pomoc\u00ed \u201ekyti\u010dkov\u00e9 akupunktu\u0159e\u201c a uk\u00e1\u017eeme si, jako m\u016f\u017eeme vo\u0148av\u011b ope\u010dovat sv\u00e9 srdce a harmonizovat sv\u00e9 emo\u010dn\u00ed nalad\u011bn\u00ed, <em>ale i mnohem v\u00edce\u2026<\/em><\/strong><\/p>\n<p style=\"text-align: justify;\"><strong><em>\u00a0<\/em><\/strong><\/p>\n<p><img loading=\"lazy\" decoding=\"async\" class=\"wp-image-261 aligncenter\" src=\"http:\/\/www.zrozeni.com\/wp-content\/uploads\/2017\/01\/uzle-srdce-300x201.png\" sizes=\"auto, (max-width: 79px) 100vw, 79px\" srcset=\"http:\/\/www.zrozeni.com\/wp-content\/uploads\/2017\/01\/uzle-srdce-300x201.png 300w, http:\/\/www.zrozeni.com\/wp-content\/uploads\/2017\/01\/uzle-srdce.png 546w\" alt=\"uzle-srdce\" width=\"79\" height=\"53\" \/><\/p>\n<h4 style=\"text-align: center;\"><\/h4>\n<\/div><div class=\"col-md-1\">\n<\/div><\/div>\n","protected":false},"excerpt":{"rendered":"","protected":false},"author":1,"featured_media":0,"parent":878,"menu_order":0,"comment_status":"closed","ping_status":"closed","template":"page-fullwidth.php","meta":{"footnotes":""},"class_list":["post-901","page","type-page","status-publish","hentry"],"_links":{"self":[{"href":"http:\/\/www.zrozeni.com\/index.php\/wp-json\/wp\/v2\/pages\/901","targetHints":{"allow":["GET"]}}],"collection":[{"href":"http:\/\/www.zrozeni.com\/index.php\/wp-json\/wp\/v2\/pages"}],"about":[{"href":"http:\/\/www.zrozeni.com\/index.php\/wp-json\/wp\/v2\/types\/page"}],"author":[{"embeddable":true,"href":"http:\/\/www.zrozeni.com\/index.php\/wp-json\/wp\/v2\/users\/1"}],"replies":[{"embeddable":true,"href":"http:\/\/www.zrozeni.com\/index.php\/wp-json\/wp\/v2\/comments?post=901"}],"version-history":[{"count":5,"href":"http:\/\/www.zrozeni.com\/index.php\/wp-json\/wp\/v2\/pages\/901\/revisions"}],"predecessor-version":[{"id":907,"href":"http:\/\/www.zrozeni.com\/index.php\/wp-json\/wp\/v2\/pages\/901\/revisions\/907"}],"up":[{"embeddable":true,"href":"http:\/\/www.zrozeni.com\/index.php\/wp-json\/wp\/v2\/pages\/878"}],"wp:attachment":[{"href":"http:\/\/www.zrozeni.com\/index.php\/wp-json\/wp\/v2\/media?parent=901"}],"curies":[{"name":"wp","href":"https:\/\/api.w.org\/{rel}","templated":true}]}}