{"id":878,"date":"2018-08-14T16:50:26","date_gmt":"2018-08-14T15:50:26","guid":{"rendered":"http:\/\/www.zrozeni.com\/?page_id=878"},"modified":"2018-08-14T17:21:48","modified_gmt":"2018-08-14T16:21:48","slug":"pece-o-zenu","status":"publish","type":"page","link":"http:\/\/www.zrozeni.com\/index.php\/nezny-dotek-a-leciva-vune\/pece-o-zenu\/","title":{"rendered":"P\u00e9\u010de o \u017eenu"},"content":{"rendered":"<div class=\"row\"> <div class=\"col-md-1\">\n<\/div><div class=\"col-md-8\">\n<h1 style=\"text-align: center;\"><img loading=\"lazy\" decoding=\"async\" class=\"aligncenter wp-image-45\" style=\"border: 0px none; margin-top: 0px; margin-bottom: 0px;\" src=\"http:\/\/www.zrozeni.com\/wp-content\/uploads\/2016\/10\/logo-rgb-tesne-300x150.jpg\" alt=\"logo-rgb-tesne\" width=\"106\" height=\"50\" \/><\/h1>\n<h1 style=\"text-align: center;\"><strong><em>Vnit\u0159n\u00ed alchymie \u017eeny<\/em><\/strong><\/h1>\n<p><strong><em>\u00a0<\/em><\/strong><\/p>\n<p><img loading=\"lazy\" decoding=\"async\" class=\"size-medium wp-image-879 aligncenter\" src=\"http:\/\/www.zrozeni.com\/wp-content\/uploads\/2018\/08\/Untitled-300x106.png\" alt=\"Untitled\" width=\"300\" height=\"106\" srcset=\"http:\/\/www.zrozeni.com\/wp-content\/uploads\/2018\/08\/Untitled-300x106.png 300w, http:\/\/www.zrozeni.com\/wp-content\/uploads\/2018\/08\/Untitled.png 605w\" sizes=\"auto, (max-width: 300px) 100vw, 300px\" \/><\/p>\n<p>&nbsp;<\/p>\n<h3 style=\"text-align: center;\"><span style=\"color: #c63a8e;\"><strong><em>Emo\u010dn\u00ed a hormon\u00e1ln\u00ed p\u00e9\u010de o \u017eenu:<\/em><\/strong><\/span><\/h3>\n<p>&nbsp;<\/p>\n<h4 style=\"text-align: center;\"><strong><em>Jemn\u00e1 harmonizace emo\u010dn\u00edho sv\u011bta \u017eeny v\u00a0ka\u017ed\u00e9m v\u011bku<\/em><\/strong><\/h4>\n<h4 style=\"text-align: center;\"><strong><em>Podpora hormon\u00e1ln\u00ed rovnov\u00e1hy i centr\u00e1ln\u00edho endokrinn\u00edho syst\u00e9mu<\/em><\/strong><\/h4>\n<h4 style=\"text-align: center;\"><strong><em>Pos\u00edlen\u00ed esence ledvin, jejich p\u0159eh\u0159\u00e1t\u00ed a vitalizace \u017eivotn\u00ed energie <\/em><\/strong><\/h4>\n<h4 style=\"text-align: center;\"><strong><em>Harmonizace nervov\u00e9 soustavy a povzbuzen\u00ed imunitn\u00edho syst\u00e9mu <\/em><\/strong><\/h4>\n<h4 style=\"text-align: center;\"><strong><em>D\u016fle\u017eit\u00e1 p\u00e9\u010de o \u017eenu p\u0159ed po\u010det\u00edm i v\u00a0pr\u016fb\u011bhu cel\u00e9ho mate\u0159stv\u00ed<\/em><\/strong><\/h4>\n<h4 style=\"text-align: center;\"><strong><em>L\u00e9\u010div\u00e9 p\u016fsoben\u00ed kv\u011btov\u00fdch esenc\u00ed na t\u011blesn\u00e9 i emo\u010dn\u00ed rovin\u011b<\/em><\/strong><\/h4>\n<h4><strong>\u00a0<\/strong><\/h4>\n<p>&nbsp;<\/p>\n<h1 style=\"text-align: center;\"><strong><em>P\u00e9\u010de o \u017eenu v\u00a0ka\u017ed\u00e9m v\u011bku<\/em><\/strong><\/h1>\n<p><strong><em>\u00a0<\/em><\/strong><\/p>\n<h3 style=\"text-align: center;\"><span style=\"color: #c63a8e;\"><strong><em>ka\u017ed\u00e1 z\u00a0nich si svou alchymii u\u017e\u00edv\u00e1 trochu jinak<\/em><\/strong><\/span><\/h3>\n<p><strong><em>\u00a0<img loading=\"lazy\" decoding=\"async\" class=\"size-medium wp-image-880 aligncenter\" src=\"http:\/\/www.zrozeni.com\/wp-content\/uploads\/2018\/08\/ruz\u030ce-v-dlani\u0301ch-z\u030cen-kopie-300x168.png\" alt=\"ruz\u030ce-v-dlani\u0301ch-z\u030cen kopie\" width=\"300\" height=\"168\" srcset=\"http:\/\/www.zrozeni.com\/wp-content\/uploads\/2018\/08\/ruz\u030ce-v-dlani\u0301ch-z\u030cen-kopie-300x168.png 300w, http:\/\/www.zrozeni.com\/wp-content\/uploads\/2018\/08\/ruz\u030ce-v-dlani\u0301ch-z\u030cen-kopie.png 745w\" sizes=\"auto, (max-width: 300px) 100vw, 300px\" \/><\/em><\/strong><\/p>\n<p><strong><em>\u00a0<\/em><\/strong><\/p>\n<h3 style=\"text-align: center;\"><span style=\"color: #c63a8e;\"><strong><em>Kv\u011btov\u00e1 esence s\u00a0v\u016fn\u00ed pro \u017eeny:<\/em><\/strong><\/span><\/h3>\n<p><strong><em>\u00a0<\/em><\/strong><\/p>\n<p style=\"text-align: center;\"><strong><em>Kv\u011btov\u00e9 esence jsou jako kapky rann\u00ed rosy za sv\u00edt\u00e1n\u00ed:<\/em><\/strong><\/p>\n<p style=\"text-align: center;\"><strong><em>\u00a0<\/em><\/strong><\/p>\n<p style=\"text-align: center;\"><strong><em>V jejich\u00a0jemnosti je hloubka a s\u00edla p\u016fsoben\u00ed z\u00e1rove\u0148.<\/em><\/strong><\/p>\n<p style=\"text-align: center;\"><strong><em><strong><em>Vz\u00e1cn\u00e9 <\/em><\/strong>kv\u011btov\u00e9 vody v nich jsou \u201en\u011b\u017enou aromaterapi\u00ed\u201c t\u0159et\u00edho tis\u00edcilet\u00ed.<\/em><\/strong><\/p>\n<p style=\"text-align: center;\"><strong><em>Jejich l\u00e9\u010div\u00e9 byliny jsou poslov\u00e9 \u017eivota a v\u00a0pramenit\u00e9 vod\u011b je ukryt\u00fd \u201ek\u00f3d \u017eivota\u201c.<\/em><\/strong><\/p>\n<p>&nbsp;<\/p>\n<p style=\"text-align: justify;\"><strong>\u00a0 Kv\u011btov\u00e1 esence <span style=\"color: #9b0262;\"><em>R\u016f\u017eov\u00e9 osv\u011b\u017een\u00ed <\/em><\/span>podporuje \u017eenskost a vn\u00e1\u0161\u00ed emo\u010dn\u00ed kouzlo do jej\u00edho \u017eivota. <span style=\"color: #9b0262;\"><em>P<\/em><em>osiluje \u017eenskou energii a jej\u00ed celkovou vitalitu, prohlubuje schopnost intuice,<\/em> <em>harmonizuje hormon\u00e1ln\u00ed syst\u00e9m a rozezn\u00edv\u00e1 struny vnit\u0159n\u00ed kr\u00e1sy.<\/em><\/span> Hezky von\u00ed, pro\u010di\u0161\u0165uje ovzdu\u0161\u00ed a p\u0159in\u00e1\u0161\u00ed pocit osv\u011b\u017een\u00ed kdykoliv v\u00a0pr\u016fb\u011bhu dne dle p\u0159\u00e1n\u00ed. Jednodu\u0161e \u0159e\u010deno, kv\u011btov\u00e1 esence navozuje emo\u010dn\u00ed harmonii a p\u0159irozen\u011b prohlubuje<span style=\"color: #9b0262;\"><em> vnit\u0159n\u00ed \u017eenskou alchymii.<\/em><\/span><\/strong><\/p>\n<p style=\"text-align: justify;\"><strong>\u00a0 Vo\u0148av\u00e9 kv\u011btov\u00e9 esence, kyti\u010dkov\u00e1 p\u00e9\u010de a jej\u00ed l\u00e9\u010den\u00ed jsou vhodn\u00e9 pro \u017eenu ka\u017ed\u00e9ho v\u011bku a v\u00a0r\u016fzn\u00fdch obdob\u00edch jej\u00edho \u017eivota, ve kter\u00fdch se mohou st\u00e1t pro ni d\u016fle\u017eit\u00fdmi pr\u016fvodci a pomocn\u00edky. Od v\u011bku mal\u00e9 hol\u010di\u010dky, dosp\u00edvaj\u00edc\u00ed d\u00edvky, zral\u00e9 \u017eeny a matky, a\u017e po v\u011bk moudr\u00e9 \u017eeny:<\/strong><\/p>\n<p style=\"text-align: justify;\"><strong><em>\u00a0 Z\u00a0mal\u00e9 hraj\u00edc\u00ed se princezny, <\/em>kter\u00e1 r\u00e1da pe\u010duje o sv\u00e9 panenky \u010di sv\u00e9 bl\u00edzk\u00e9, nebo o zv\u00ed\u0159\u00e1tka, postupn\u011b zraje mlad\u00e1\u00a0d\u00edvka, u\u00a0n\u00ed\u017e se lehounce za\u010d\u00edn\u00e1 probouzet jemn\u00e1 vnit\u0159n\u00ed alchymie. V\u00a0jej\u00edm \u017eivotn\u00edm p\u0159erodu ji mohou kv\u011btov\u00e9 esence jemn\u011b ope\u010dov\u00e1vat, harmoniza\u010dn\u011b vyla\u010fovat a pom\u016f\u017eou j\u00ed procesem <span style=\"color: #9b0262;\"><em>d\u00edv\u010d\u00ed alchymie<\/em> <\/span>snadn\u011bji proj\u00edt.<\/strong><\/p>\n<p style=\"text-align: justify;\"><strong>\u00a0 <em>V\u00a0obdob\u00ed dosp\u00edv\u00e1n\u00ed<\/em> p\u0159ich\u00e1z\u00ed dal\u0161\u00ed v\u00fdznamn\u00fd\u00a0p\u0159erod, a sice p\u0159erod d\u00edvky v\u00a0\u017eenu. Kv\u011btov\u00e9 esence a jimi c\u00edlen\u00e1 p\u00e9\u010de harmonizuje jej\u00ed probouzej\u00edc\u00ed se \u017eenskost a p\u0159in\u00e1\u0161\u00ed emo\u010dn\u00ed kouzlo do jej\u00edho \u017eivota. Je d\u016fle\u017eit\u00e9 kultivovat \u017eenskou energii a pe\u010dovat o hormon\u00e1ln\u00ed rovnov\u00e1hu, proto\u017ee se rovn\u011b\u017e probouz\u00ed do sv\u00e9 pln\u00e9 s\u00edly. Kv\u011btov\u00e9 esence mohou mlad\u00e9 \u017een\u011b v\u00a0tomto procesu pom\u00e1hat a prohlubovat jej\u00ed slad\u011bn\u00ed se s\u00a0nov\u011b formuj\u00edc\u00edm \u017eenstv\u00edm a s pocitem zdrav\u00e9ho \u017eensk\u00e9ho sebev\u011bdom\u00ed. Je to d\u016fle\u017eit\u00e9 obdob\u00ed rozv\u00edjen\u00ed <span style=\"color: #9b0262;\"><em>\u017eensk\u00e9 alchymie<\/em> <\/span>v\u00a0jej\u00edm dosavadn\u00edm d\u00edv\u010d\u00edm sv\u011bt\u011b.<\/strong><\/p>\n<p style=\"text-align: justify;\"><strong><em>\u00a0 V<\/em> <em>obdob\u00ed zrodu nov\u00e9ho \u017eivota<\/em> a cel\u00e9ho d\u011bn\u00ed kolem n\u011bj dovedou kv\u011btov\u00e9 esence hezky ope\u010dov\u00e1vat nov\u011b rod\u00edc\u00ed se \u017eenu-matku. Budou j\u00ed l\u00e9\u010div\u00fdm pr\u016fvodcem v\u00a0rozv\u00edjen\u00ed <em>mate\u0159sk\u00e9 alchymie, <\/em>kdy se v\u00a0jej\u00edm srdci rozv\u00edj\u00ed nov\u00e1 a dosud je\u0161t\u011b nepoznan\u00e1 podoba n\u011bhy a l\u00e1sky, kter\u00e1 je probouzen\u00e1 pr\u00e1v\u011b nov\u011b rod\u00edc\u00edm se \u017eivotem v\u00a0jej\u00edm l\u016fn\u011b. Kyti\u010dkov\u00e1 p\u00e9\u010de dovede budouc\u00ed maminku n\u00e1dhern\u011b zklidnit a uvolnit, ale tak\u00e9 osv\u011b\u017eit a podpo\u0159it v\u00a0p\u0159irozen\u00e9m p\u0159\u00edchodu jej\u00edho d\u011b\u0165\u00e1tka. V\u00a0pr\u016fb\u011bhu cel\u00e9ho t\u011bhotenstv\u00ed dovedou \u017eenu emo\u010dn\u011b, a stejn\u011b i na t\u011blesn\u00e9 \u00farovni, v\u00fdznamn\u011b podpo\u0159it v\u00a0jej\u00edm d\u016fle\u017eit\u00e9m procesu transformace do mate\u0159stv\u00ed. Energii mate\u0159sk\u00e9 l\u00e1sky, jej\u00ed nezi\u0161tnosti a shov\u00edvavosti v\u016f\u010di sv\u00fdm d\u011btem se sotva n\u011bco vyrovn\u00e1.<\/strong><\/p>\n<p style=\"text-align: justify;\"><strong><em>\u00a0Obdob\u00ed zral\u00e9 \u017eeny <\/em>je charakteristick\u00e9 mnohem intenzivn\u011bji p\u016fsob\u00edc\u00ed <em><span style=\"color: #9b0262;\">vnit\u0159n\u00ed alchymi\u00ed<\/span> <\/em>v\u00a0jej\u00edm srdci. D\u00edky tomu se m\u016f\u017ee projevovat ve sv\u00e9m je\u0161t\u011b pln\u011bj\u0161\u00edm potenci\u00e1lu. Je to ale z\u00e1rove\u0148 i obdob\u00ed, kdy stejn\u011b m\u016f\u017ee p\u0159ich\u00e1zet pot\u0159eba l\u00e9\u010den\u00ed r\u016fzn\u00fdch \u017eensk\u00fdch zran\u011bn\u00ed, kter\u00e9 mohli vstoupit do jej\u00edho \u017eivota. Nebo tak\u00e9 l\u00e9\u010den\u00ed vnit\u0159n\u00edho d\u00edt\u011bte, d\u00edky kter\u00e9mu m\u016f\u017ee v<em>ystoupit z\u00a0role uk\u0159ivd\u011bn\u00e9 hol\u010di\u010dky a p\u0159evezme roli l\u00e1skypln\u011b pe\u010duj\u00edc\u00ed maminky i v\u016f\u010di sob\u011b sam\u00e9. <\/em>Celkov\u011b to m\u016f\u017ee b\u00fdt obdob\u00ed d\u016fle\u017eit\u00fdch vnit\u0159n\u00edch transformac\u00ed, a to dokonce i t\u011bch rodov\u00fdch. Proto\u017ee pr\u00e1v\u011b d\u00edky \u201erodov\u00e9mu Stromu \u017divota\u201c jsme vz\u00e1jemn\u011b propojen\u00e9 s\u00a0na\u0161imi d\u00e1vn\u00fdmi podstatami a ko\u0159eny. Na\u0161e rodov\u00e9 symboly m\u00e1me velmi hluboko vepsan\u00e9 do na\u0161ich p\u0159\u00edb\u011bh\u016f, a ty, kdy\u017e je pot\u0159eba, m\u016f\u017eeme otev\u0159\u00edt a l\u00e9\u010dit.<\/strong><\/p>\n<p style=\"text-align: justify;\"><strong><em>\u00a0V obdob\u00ed moudr\u00e9 \u017eeny,<\/em> kter\u00e1 hled\u00e1 hlub\u0161\u00ed z\u00e1konitosti \u017eivota a m\u00e1 u\u017e bohat\u00e9 zku\u0161enosti, p\u0159ich\u00e1z\u00ed \u017eivotn\u00ed moudrost. D\u00edky n\u00ed je obohacov\u00e1n nejenom jej\u00ed vlastn\u00ed \u017eivot, ale i \u017eivoty v\u0161ech kolem n\u00ed. P\u0159in\u00e1\u0161\u00ed toti\u017e nov\u00e9 zp\u016fsoby my\u0161len\u00ed a t\u00edm i svoje nov\u00e9 p\u016fsoben\u00ed ve\u00a0spole\u010dnosti, pro kterou se st\u00e1v\u00e1 smyslupln\u00fdm obohacen\u00edm i osv\u011b\u017een\u00edm. V\u00a0tomto v\u00fdznamn\u00e9m procesu vnit\u0159n\u00ed transformace dost\u00e1v\u00e1 p\u0159\u00edle\u017eitost roz\u0161\u00ed\u0159it sv\u00e9 v\u011bdom\u00ed od ni\u017e\u0161\u00edho hmotn\u00e9ho k\u00a0vy\u0161\u0161\u00edm pravd\u00e1m \u017eivota. Je to \u010das, ve\u00a0kter\u00e9m se dok\u00e1\u017ee pln\u011b soust\u0159edit na svou\u00a0nejvnit\u0159n\u011bj\u0161\u00ed tvo\u0159ivost a projevovat velkorysost sv\u00e9 mysle na v\u0161ech rovin\u00e1ch \u017eivota \u2013 od nejOsobn\u011bj\u0161\u00edch a\u017e po nejUniverz\u00e1ln\u011bj\u0161\u00ed. I v\u00a0tomto \u017eivotn\u00edm procesu dovedou kv\u011btov\u00e9 esence moudru \u017eenu podpo\u0159it v\u00a0jej\u00ed vnit\u0159n\u00ed stabilit\u011b, nebo mohou p\u0159\u00edjemn\u011b osv\u011b\u017eit jej\u00ed celkovou vitalitu a \u017eenskou s\u00edlu. Do sv\u00e9 rodiny um\u00ed nov\u011b p\u0159in\u00e1\u0161et ji\u017e moud\u0159ej\u0161\u00ed podobu mate\u0159stv\u00ed, kdy se st\u00e1v\u00e1 laskavou a ch\u00e1paj\u00edc\u00ed pr\u016fvodkyn\u00ed sv\u00e9 dce\u0159i u\u017e v jej\u00edm rod\u00edc\u00edm se mate\u0159stv\u00ed. A rovn\u011b\u017e pro sv\u00e1 vnou\u010data um\u00ed b\u00fdt miluj\u00edc\u00ed babi\u010dkou-m\u00e1mou s\u00a0laskav\u00fdm nadhledem a hezkou vnit\u0159n\u00ed harmonii. Pro svoji vlastn\u00ed maminku se najednou st\u00e1v\u00e1 l\u00e1skypln\u011b pe\u010duj\u00edc\u00ed l\u00e9\u010ditelkou, kter\u00e9 vrac\u00ed v\u0161e, co od n\u00ed d\u0159\u00edve dostala a d\u00e1v\u00e1 j\u00ed v\u0161e, co se na sv\u00e9 cest\u011b \u017eivotem nau\u010dila. Sv\u00fdm p\u0159\u00edjemn\u00fdm a odleh\u010den\u00fdm nalad\u011bn\u00edm a svou l\u00e9\u010divou p\u0159\u00edtomnost\u00ed p\u0159in\u00e1\u0161\u00ed do rodiny sv\u016fj velik\u00fd poklad, kter\u00fd je v\u00fdsadou jej\u00ed <span style=\"color: #9b0262;\"><em>hlubok\u00e9 vnit\u0159n\u00ed<\/em> <em>\u017eensk\u00e9<\/em> <em>alchymie.<\/em><\/span><\/strong><\/p>\n<p style=\"text-align: justify;\"><strong><em>\u00a0 A proto\u017ee \u017eivot \u017eeny je o jej\u00ed jedine\u010dn\u00e9 vnit\u0159n\u00ed tvo\u0159ivosti, tak jej\u00edm v\u00fdsledkem nemus\u00ed v\u017edy b\u00fdt \u201ejenom\u201c zrod nov\u00fdch \u017eivot\u016f. Vnit\u0159n\u00ed alchymie \u017eeny je toti\u017e tak\u00e9 o jej\u00edm l\u00e1skypln\u00e9m tvo\u0159en\u00ed, pe\u010dov\u00e1n\u00ed a l\u00e9\u010den\u00ed v\u00a0r\u016fzn\u00fdch oblastech \u017eivota. A to nejenom pro jej\u00ed nejbli\u017e\u0161\u00ed rodinu, ale \u010dasto i pro v\u0161echny ostatn\u00ed \u2026 <\/em><\/strong><\/p>\n<p style=\"text-align: justify;\"><strong><em>\u00a0 Srde\u010dn\u011b V\u00e1s zvu na semin\u00e1\u0159 <span style=\"color: #9b0262;\">\u201eVnit\u0159n\u00ed alchymie \u017eeny\u201c,<\/span> kde se nau\u010d\u00edte, jak pe\u010dovat o sebe, o sv\u016fj vnit\u0159n\u00ed sv\u011bt emoc\u00ed a o sv\u00e9 t\u011blo pomoc\u00ed uzdravuj\u00edc\u00edch energi\u00ed \u010dist\u00e9 p\u0159\u00edrody, bylinek, kv\u011btov\u00fdch vod a v\u016fn\u00ed; nebo se tak\u00e9 dozv\u00edte o n\u011bkter\u00fdch nov\u00fdch zaj\u00edmav\u00fdch p\u0159\u00edstupech a\u00a0d\u016fle\u017eit\u00fdch terapi\u00edch pro v\u00e1s.<\/em><\/strong><\/p>\n<p style=\"text-align: justify;\"><strong><em>\u00a0<\/em><\/strong><\/p>\n<p style=\"text-align: center;\"><strong><em>S\u00a0\u00factou a radost\u00ed<\/em><\/strong><\/p>\n<p style=\"text-align: center;\"><strong>Eva Kopasov\u00e1<\/strong><\/p>\n<p>&nbsp;<\/p>\n<p style=\"text-align: center;\"><img loading=\"lazy\" decoding=\"async\" class=\"wp-image-148 aligncenter\" src=\"http:\/\/www.zrozeni.com\/wp-content\/uploads\/2016\/10\/kolecko.png\" alt=\"kolecko\" width=\"66\" height=\"80\" \/><\/p>\n<p style=\"text-align: center;\"><span style=\"color: #9b0262;\"><em><strong>\u00a0<\/strong><\/em><\/span><\/p>\n<\/div><div class=\"col-md-3\">\n<h1 style=\"text-align: center;\"><img loading=\"lazy\" decoding=\"async\" class=\"wp-image-45 alignleft\" style=\"margin-top: 0px; margin-bottom: 0px;\" src=\"http:\/\/www.zrozeni.com\/wp-content\/uploads\/2016\/10\/logo-rgb-tesne-300x150.jpg\" alt=\"logo-rgb-tesne\" width=\"106\" height=\"50\" \/><\/h1>\n<p>&nbsp;<\/p>\n<p>&nbsp;<\/p>\n<p>&nbsp;<\/p>\n<p>&nbsp;<\/p>\n<p>&nbsp;<\/p>\n<p class=\"m_-3378653468816304819MsoListParagraph\"><a href=\"http:\/\/www.zrozeni.com\/index.php\/nezny-dotek-a-leciva-vune\/pece-o-zenu\/deloha-a-hraz\/\" target=\"_blank\"><strong>\u00a0D\u011bloha a hr\u00e1z<\/strong><\/a><\/p>\n<p class=\"m_-3378653468816304819MsoListParagraph\"><span style=\"color: #999999;\"><strong>\u00a0<\/strong><\/span><a href=\"http:\/\/www.zrozeni.com\/index.php\/nezny-dotek-a-leciva-vune\/pece-o-zenu\/ledviny-a-pece-o-ne\/\" target=\"_blank\"><strong>Ledviny a p\u00e9\u010de o n\u011b<\/strong><\/a><\/p>\n<p class=\"m_-3378653468816304819MsoListParagraph\"><span style=\"color: #999999;\"><strong>\u00a0<\/strong><\/span><a href=\"http:\/\/www.zrozeni.com\/index.php\/nezny-dotek-a-leciva-vune\/pece-o-zenu\/vnitrni-dite\/\" target=\"_blank\"><strong>Vnit\u0159n\u00ed d\u00edt\u011b<\/strong><\/a><\/p>\n<p class=\"m_-3378653468816304819MsoListParagraph\"><strong>\u00a0<span style=\"color: #999999;\">\u017dena l\u00e9\u010ditelka<\/span><\/strong><\/p>\n<\/div><\/div>\n","protected":false},"excerpt":{"rendered":"","protected":false},"author":1,"featured_media":0,"parent":23,"menu_order":0,"comment_status":"closed","ping_status":"closed","template":"page-fullwidth.php","meta":{"footnotes":""},"class_list":["post-878","page","type-page","status-publish","hentry"],"_links":{"self":[{"href":"http:\/\/www.zrozeni.com\/index.php\/wp-json\/wp\/v2\/pages\/878","targetHints":{"allow":["GET"]}}],"collection":[{"href":"http:\/\/www.zrozeni.com\/index.php\/wp-json\/wp\/v2\/pages"}],"about":[{"href":"http:\/\/www.zrozeni.com\/index.php\/wp-json\/wp\/v2\/types\/page"}],"author":[{"embeddable":true,"href":"http:\/\/www.zrozeni.com\/index.php\/wp-json\/wp\/v2\/users\/1"}],"replies":[{"embeddable":true,"href":"http:\/\/www.zrozeni.com\/index.php\/wp-json\/wp\/v2\/comments?post=878"}],"version-history":[{"count":14,"href":"http:\/\/www.zrozeni.com\/index.php\/wp-json\/wp\/v2\/pages\/878\/revisions"}],"predecessor-version":[{"id":911,"href":"http:\/\/www.zrozeni.com\/index.php\/wp-json\/wp\/v2\/pages\/878\/revisions\/911"}],"up":[{"embeddable":true,"href":"http:\/\/www.zrozeni.com\/index.php\/wp-json\/wp\/v2\/pages\/23"}],"wp:attachment":[{"href":"http:\/\/www.zrozeni.com\/index.php\/wp-json\/wp\/v2\/media?parent=878"}],"curies":[{"name":"wp","href":"https:\/\/api.w.org\/{rel}","templated":true}]}}