{"id":862,"date":"2018-06-27T12:58:24","date_gmt":"2018-06-27T11:58:24","guid":{"rendered":"http:\/\/www.zrozeni.com\/?page_id=862"},"modified":"2018-08-14T15:51:36","modified_gmt":"2018-08-14T14:51:36","slug":"motyli-masaze","status":"publish","type":"page","link":"http:\/\/www.zrozeni.com\/index.php\/motyli-masaze\/","title":{"rendered":"Mot\u00fdl\u00ed mas\u00e1\u017ee"},"content":{"rendered":"<div class=\"row\"> <div class=\"col-md-1\">\n<\/div><div class=\"col-md-8\">\n<h1 style=\"text-align: center;\"><img loading=\"lazy\" decoding=\"async\" class=\"aligncenter wp-image-45\" style=\"border: 0px none; margin-top: 0px; margin-bottom: 0px;\" src=\"http:\/\/www.zrozeni.com\/wp-content\/uploads\/2016\/10\/logo-rgb-tesne-300x150.jpg\" alt=\"logo-rgb-tesne\" width=\"106\" height=\"50\" \/><\/h1>\n<h1 style=\"text-align: center;\">N\u011b\u017en\u00fd dotek od maminky<\/h1>\n<h4 style=\"text-align: center;\"><img loading=\"lazy\" decoding=\"async\" class=\"size-medium wp-image-131 aligncenter\" src=\"http:\/\/www.zrozeni.com\/wp-content\/uploads\/2016\/10\/kojeni-300x281.png\" alt=\"kojeni\" width=\"300\" height=\"281\" srcset=\"http:\/\/www.zrozeni.com\/wp-content\/uploads\/2016\/10\/kojeni-300x281.png 300w, http:\/\/www.zrozeni.com\/wp-content\/uploads\/2016\/10\/kojeni.png 700w\" sizes=\"auto, (max-width: 300px) 100vw, 300px\" \/><\/h4>\n<h3 style=\"text-align: center;\"><em><span style=\"color: #ff6600;\"><strong>\u2026a\u00a0 <\/strong><strong>nikdy nezabudni,<\/strong><\/span><\/em><\/h3>\n<h3 style=\"text-align: center;\"><em><span style=\"color: #ff6600;\"><strong>moja Du\u0161a je otisknut\u00e1 v\u00a0Tvojom Srdci a v\u017edy \u0164a bude hria\u0165<\/strong><\/span><\/em><\/h3>\n<h3 style=\"text-align: center;\"><em><span style=\"color: #ff6600;\"><strong>a moja neha \u0164a bude st<\/strong><strong>\u00e1<\/strong><strong>le hladi\u0165 a bude tu pre Teba st\u00e1le \u2026<\/strong><\/span><\/em><\/h3>\n<p style=\"text-align: justify;\"><strong><em>\u00a0\u00a0<\/em><\/strong> <strong><em>U\u017e p\u0159i prvn\u00edch dotec\u00edch po narozen\u00ed vstupuje D\u011b\u0165\u00e1tko do sv\u011bta pocit\u016f. Hlazen\u00ed ti\u0161\u00ed jeho hlad po bl\u00edzkosti Maminky \u010di Tat\u00ednka. A d\u00edky laskav\u00fdm dotek\u016fm v\u00ed<\/em><em>,<\/em><em> \u017ee nen\u00ed opu\u0161t\u011bn\u00e9. U\u017e Novoroze\u0148\u00e1tka jsou na dotekov\u00e9 podn\u011bty perfektn\u011b p\u0159ipravena p\u0159es velkou spoustu receptor\u016f v poko\u017ece. Doteky n\u00e1s dok\u00e1\u017e\u00ed nejen pot\u011b\u0161it<\/em><em>,<\/em><em> ale i rozpt\u00fdlit \u00fazkost \u010di strach.<\/em><\/strong><\/p>\n<p style=\"text-align: center;\"><strong><span style=\"color: #9b0262;\"><em>N\u011b\u017en\u00fd dotek znamen\u00e1 v\u00edc ne\u017e jak\u00e1koliv jin\u00e1 p\u00e9\u010de.<\/em><\/span><\/strong><\/p>\n<p style=\"text-align: justify;\"><strong>\u00a0\u00a0 <em>N\u011b\u017en\u00e1 komunikace pom\u00e1h\u00e1 Mamince vc\u00edtit se do sv\u011bta D\u011b\u0165\u00e1tka tak<\/em><em>,<\/em><em> \u017ee bude um\u011bt postupn\u011b de\u0161ifrovat i jeho skryt\u00e9 emoce v r\u016fzn\u00fdch situac\u00edch a z\u00e1rove\u0148 se nau\u010d\u00ed s l\u00e1skou a pochopen\u00edm na sv\u00e9 D\u00edt\u011b reagovat. L\u00e1skypln\u00e9 doteky ovlivn\u00ed na cel\u00fd jeho \u017eivot kvalitu a hloubku vz\u00e1jemn\u00e9ho sd\u00edlen\u00ed nejen v samotn\u00e9 rodin\u011b<\/em><em>,<\/em><em> ale i mimo ni i pozd\u011bji v dosp\u011bl\u00e9m \u017eivot\u011b a bude mu napom\u00e1hat vytv\u00e1\u0159et zdrav\u00e9 mezilidsk\u00e9 vztahy.<\/em><\/strong><\/p>\n<p style=\"text-align: center;\"><strong><span style=\"color: #9b0262;\"><em>\u00a0L\u00e1sku<\/em><em>,<\/em><em> kterou v\u011bnujeme sv\u00e9mu D\u011b\u0165\u00e1tku<\/em><em>,<\/em><em> n\u00e1m vr\u00e1t\u00ed n\u011bkolikan\u00e1sobn\u011b.<\/em><\/span><\/strong><\/p>\n<p style=\"text-align: justify;\"><strong><em>\u00a0\u00a0<\/em> <em>Jemn\u00e9 doteky p\u016fsob\u00ed na Novoroze\u0148\u00e1tko blahod\u00e1rn\u011b nejen na fyzick\u00e9<\/em><em>,<\/em><em> ale p\u0159edev\u0161\u00edm na emo\u010dn\u00ed a energetick\u00e9 rovin\u011b. Miminko c\u00edt\u00ed<\/em><em>,<\/em><em> jak moc je milovan\u00e9<\/em><em>,<\/em><em> a c\u00edt\u00ed se ope\u010dov\u00e1v\u00e1n\u00e9. P\u0159irozen\u011b tou\u017e\u00ed<\/em><em>, <\/em><em>abychom ho dr\u017eeli<\/em><em>,<\/em><em> obj\u00edmali<\/em><em>,<\/em><em> hladili a mas\u00edrovali. Proto jej sy\u0165me t\u011blesn\u011b i emo\u010dn\u011b co nejv\u00edce<\/em><em>,<\/em><em> jak m\u016f\u017eeme.<\/em><\/strong><\/p>\n<p style=\"text-align: center;\"><strong><span style=\"color: #9b0262;\"><em>Na\u0161e dlan\u011b jsou na\u0161im darem.<\/em><\/span><\/strong><\/p>\n<p style=\"text-align: justify;\"><strong><em>\u00a0\u00a0<\/em> <em>D\u011b\u0165\u00e1tko p\u0159esn\u011b c\u00edt\u00ed nalad\u011bni svoji Maminky. <\/em><em>V\u00a0jej\u00edch \u00a0dlan\u00edch se nach\u00e1z\u00ed \u00fat\u011bcha<\/em><em>,<\/em><em> kterou hled\u00e1 a pot\u0159ebuje. Dr\u017eet se a b\u00fdt dr\u017een je pro jeho du\u0161evn\u00ed v\u00fdvoj pot\u0159ebn\u00e9 a d\u016fle\u017eit\u00e9. Na\u0161e n\u011b\u017en\u00e9 dlan\u011b mu dop\u0159\u00e1vaj\u00ed pocit bezpe\u010d\u00ed a p\u0159ijet\u00ed. Mohou ho uklid\u0148ovat<\/em><em>,<\/em><em> povzbuzovat a pos\u00edlit sebed\u016fv\u011bru. Mohou stejn\u011b tak l\u00e9\u010dit<\/em><em>,<\/em><em> jako \u010dist v map\u011b jeho pocit\u016f a vn\u00e1\u0161et radost a pohodu nejenom do jeho \u017eivota<\/em><em>,<\/em><em> ale i do \u017eivota cel\u00e9 rodiny. Vz\u00e1jemn\u00e9 doteky a pouto s\u00a0Maminkou a Tat\u00ednkem a tak\u00e9 jejich d\u016fv\u011bra v n\u011bj mu pom\u00e1haj\u00ed v\u0161echno snadn\u011bji zvl\u00e1dnout. V prost\u0159ed\u00ed pln\u00e9m bezpe\u010d\u00ed a ochrany se rozv\u00edj\u00ed jeho vn\u00edm\u00e1n\u00ed<\/em><em>,<\/em><em> d\u00edky \u010demu\u017e bude postupn\u011b moci se zdravou zv\u011bdavosti pozn\u00e1vat sv\u011bt mimo mamin\u010dino l\u016fno. Hlad\u00edc\u00ed dlan\u011b jsou cestou vz\u00e1jemn\u00e9ho sycen\u00ed<\/em><em>,<\/em><em> ale i l\u00e9\u010deni. Neurolog prof. Andreas Ziegel uv\u00e1d\u00ed<\/em><em>,<\/em><em> \u017ee p\u0159i l\u00e1skypln\u00e9m hlazen\u00ed bl\u00edzk\u00fdm \u010dlov\u011bkem se masivn\u011b vyplavuje dopamin (pat\u0159\u00ed do skupiny tzv. hormon\u016f \u0161t\u011bst\u00ed) a tak\u00e9 se buduj\u00ed nov\u00e9 neuronov\u00e9 spoje v mozku (mluv\u00edme o tzv. plasticit\u011b centr\u00e1ln\u00ed nervov\u00e9 soustavy). <\/em><\/strong><\/p>\n<p style=\"text-align: justify;\"><strong><em>\u00a0\u00a0 Nejd\u016fle\u017eit\u011bj\u0161\u00ed ale je<\/em><em>,<\/em><em> aby jej mas\u00edroval ten<\/em><em>,<\/em><em> kdo jej m\u00e1 r\u00e1d<\/em><em>,<\/em><em> a dot\u00fdkal se jej pro samotnou radost z doteku. Dlan\u011b jsou poslov\u00e9 na\u0161ich pocit\u016f. Dostatek a sytost t\u011blesn\u00e9ho kontaktu je nejlep\u0161\u00ed p\u0159\u00edrodn\u00ed l\u00e9k<\/em><em>,<\/em><em> proto je velmi d\u016fle\u017eit\u00e9 D\u00edt\u011b hladit<\/em><em>,<\/em><em> mas\u00edrovat a stimulovat pravideln\u011b. \u010clov\u011bk m\u011bl a m\u00e1 p\u0159irozenou pot\u0159ebu byt milov\u00e1n<\/em><em>,<\/em><em> dot\u00fdk\u00e1n a hlazen. Ale tak\u00e9 i naopak milovat<\/em><em>,<\/em><em> dot\u00fdkat se a hladit<\/em><em>,<\/em><em> aby se mohl zdrav\u011b vyv\u00edjet a prosp\u00edvat po t\u011blesn\u00e9<\/em><em>,<\/em><em> du\u0161evn\u00ed a emo\u010dn\u00ed str\u00e1nce. <\/em><\/strong><\/p>\n<p style=\"text-align: justify;\"><strong><em>\u00a0\u00a0 Vydejme se spole\u010dn\u011b se sv\u00fdmi D\u011btmi na cestu porozum\u011bni a l\u00e1sky. Nechejme sv\u00e9 D\u011bti vyr\u016fst ve vyrovnan\u00e9 a sebev\u011bdom\u00e9 bytosti. Milujme je<\/em><em>,<\/em><em> hla\u010fme je a dot\u00fdkejme se jich<\/em><em>,<\/em><em> kdykoliv je to mo\u017en\u00e9. Vn\u00edmejme jejich pocity a v\u0161e<\/em><em>,<\/em><em> co od n\u00e1s pot\u0159ebuj\u00ed. Nau\u010dme se zn\u00e1t<\/em><em>, <\/em><em>kdo jsou oni a kdo jsme my\u2026<\/em><\/strong><\/p>\n<p style=\"text-align: center;\"><span style=\"color: #9b0262;\"><em><strong>Vo\u0148av\u00e9 hlazen\u00ed <\/strong><strong>\u201e<\/strong><strong>kyti\u010dkov\u00fdmi dlan\u011bmi<\/strong><strong>\u201c<\/strong><strong> d\u00e1v\u00e1 rodi\u010d\u016fm prostor<\/strong><strong>, jak se mohou aktivn\u011b<br \/>\na smyslupln\u011b pod\u00edlet na harmonick\u00e9m v\u00fdvoji sv\u00e9ho D\u011b\u0165\u00e1tka po v\u0161ech str\u00e1nk\u00e1ch.<\/strong><\/em><\/span><\/p>\n<p style=\"text-align: center;\"><img loading=\"lazy\" decoding=\"async\" class=\"wp-image-148 aligncenter\" src=\"http:\/\/www.zrozeni.com\/wp-content\/uploads\/2016\/10\/kolecko.png\" alt=\"kolecko\" width=\"66\" height=\"80\" \/><\/p>\n<p style=\"text-align: center;\"><span style=\"color: #9b0262;\"><em><strong>Eva Kopasov\u00e1<\/strong><\/em><\/span><\/p>\n<\/div><div class=\"col-md-3\">\n<h1 style=\"text-align: center;\"><img loading=\"lazy\" decoding=\"async\" class=\"wp-image-45 alignleft\" style=\"margin-top: 0px; margin-bottom: 0px;\" src=\"http:\/\/www.zrozeni.com\/wp-content\/uploads\/2016\/10\/logo-rgb-tesne-300x150.jpg\" alt=\"logo-rgb-tesne\" width=\"106\" height=\"50\" \/><\/h1>\n<p>&nbsp;<\/p>\n<p>&nbsp;<\/p>\n<p>&nbsp;<\/p>\n<p>&nbsp;<\/p>\n<p><span style=\"color: #999999;\"><strong>Smysly d\u011b\u0165\u00e1tka p\u0159ed porodem<\/strong><\/span><\/p>\n<p><span style=\"color: #999999;\"><strong>Poko\u017eka novoroze\u0148\u00e1tka<\/strong><\/span><\/p>\n<p><span style=\"color: #999999;\"><strong>Konej\u0161iv\u00e9 doteky<\/strong><\/span><\/p>\n<p><span style=\"color: #999999;\"><strong>Mot\u00fdl\u00ed mas\u00e1\u017ee pro novoroze\u0148\u00e1tka<\/strong><\/span><\/p>\n<p><span style=\"color: #999999;\"><strong>Lektorky Mot\u00fdl\u00edch mas\u00e1\u017e\u00ed<\/strong><\/span><\/p>\n<p><span style=\"color: #999999;\"><strong>Doporu\u010dujeme<\/strong><\/span><\/p>\n<\/div><\/div>\n","protected":false},"excerpt":{"rendered":"","protected":false},"author":1,"featured_media":0,"parent":0,"menu_order":0,"comment_status":"closed","ping_status":"closed","template":"page-fullwidth.php","meta":{"footnotes":""},"class_list":["post-862","page","type-page","status-publish","hentry"],"_links":{"self":[{"href":"http:\/\/www.zrozeni.com\/index.php\/wp-json\/wp\/v2\/pages\/862","targetHints":{"allow":["GET"]}}],"collection":[{"href":"http:\/\/www.zrozeni.com\/index.php\/wp-json\/wp\/v2\/pages"}],"about":[{"href":"http:\/\/www.zrozeni.com\/index.php\/wp-json\/wp\/v2\/types\/page"}],"author":[{"embeddable":true,"href":"http:\/\/www.zrozeni.com\/index.php\/wp-json\/wp\/v2\/users\/1"}],"replies":[{"embeddable":true,"href":"http:\/\/www.zrozeni.com\/index.php\/wp-json\/wp\/v2\/comments?post=862"}],"version-history":[{"count":4,"href":"http:\/\/www.zrozeni.com\/index.php\/wp-json\/wp\/v2\/pages\/862\/revisions"}],"predecessor-version":[{"id":873,"href":"http:\/\/www.zrozeni.com\/index.php\/wp-json\/wp\/v2\/pages\/862\/revisions\/873"}],"wp:attachment":[{"href":"http:\/\/www.zrozeni.com\/index.php\/wp-json\/wp\/v2\/media?parent=862"}],"curies":[{"name":"wp","href":"https:\/\/api.w.org\/{rel}","templated":true}]}}