{"id":401,"date":"2017-02-05T20:28:46","date_gmt":"2017-02-05T19:28:46","guid":{"rendered":"http:\/\/www.zrozeni.com\/?page_id=401"},"modified":"2017-02-07T20:06:46","modified_gmt":"2017-02-07T19:06:46","slug":"seminar-iii","status":"publish","type":"page","link":"http:\/\/www.zrozeni.com\/index.php\/nezny-dotek-a-leciva-vune\/moje-seminare\/seminar-iii\/","title":{"rendered":"Semin\u00e1\u0159 III"},"content":{"rendered":"<p><img loading=\"lazy\" decoding=\"async\" class=\"aligncenter wp-image-45\" src=\"http:\/\/www.zrozeni.com\/wp-content\/uploads\/2016\/10\/logo-rgb-tesne-300x150.jpg\" alt=\"logo-rgb-tesne\" width=\"106\" height=\"50\" \/><\/p>\n<h1 style=\"text-align: center;\"><strong><em>\u201e<\/em><\/strong><strong><em>Jemn\u00e9 hlazen\u00ed <\/em><\/strong>a<strong><em> Mot\u00fdl\u00ed mas\u00e1\u017ee<\/em><\/strong><strong><em>\u201c<\/em><\/strong> <strong><em>pro Novoroze\u0148\u00e1tka<\/em><\/strong><\/h1>\n<p>&nbsp;<\/p>\n<h4 style=\"text-align: center;\"><span style=\"color: #ff6600;\"><strong><em>N\u011b\u017en\u00fd dotek v\u00a0prvn\u00edch dnech po porodu znamen\u00e1 v\u00edc<\/em><\/strong><strong><em>,<\/em><\/strong><strong><em> ne\u017e jak\u00e1koliv jin\u00e1 p\u00e9\u010de.<\/em><\/strong><\/span><\/h4>\n<p>&nbsp;<\/p>\n<table style=\"margin-left: auto; margin-right: auto;\" width=\"821;\">\n<tbody>\n<tr>\n<td width=\"215\"><img loading=\"lazy\" decoding=\"async\" class=\"wp-image-461 aligncenter\" src=\"http:\/\/www.zrozeni.com\/wp-content\/uploads\/2017\/02\/zrozeni_mimi-ruzova-nove-269x300.png\" alt=\"zrozeni_mimi ruzova nove\" width=\"189\" height=\"211\" srcset=\"http:\/\/www.zrozeni.com\/wp-content\/uploads\/2017\/02\/zrozeni_mimi-ruzova-nove-269x300.png 269w, http:\/\/www.zrozeni.com\/wp-content\/uploads\/2017\/02\/zrozeni_mimi-ruzova-nove-768x856.png 768w, http:\/\/www.zrozeni.com\/wp-content\/uploads\/2017\/02\/zrozeni_mimi-ruzova-nove-919x1024.png 919w, http:\/\/www.zrozeni.com\/wp-content\/uploads\/2017\/02\/zrozeni_mimi-ruzova-nove.png 1686w\" sizes=\"auto, (max-width: 189px) 100vw, 189px\" \/><\/td>\n<td width=\"215\"><strong><em><img loading=\"lazy\" decoding=\"async\" class=\"wp-image-440 aligncenter\" src=\"http:\/\/www.zrozeni.com\/wp-content\/uploads\/2017\/02\/zrozeni_motyli-masaze-300x298.png\" alt=\"zrozeni_motyli masaze\" width=\"228\" height=\"227\" srcset=\"http:\/\/www.zrozeni.com\/wp-content\/uploads\/2017\/02\/zrozeni_motyli-masaze-300x298.png 300w, http:\/\/www.zrozeni.com\/wp-content\/uploads\/2017\/02\/zrozeni_motyli-masaze-150x150.png 150w, http:\/\/www.zrozeni.com\/wp-content\/uploads\/2017\/02\/zrozeni_motyli-masaze-768x764.png 768w, http:\/\/www.zrozeni.com\/wp-content\/uploads\/2017\/02\/zrozeni_motyli-masaze-1024x1018.png 1024w, http:\/\/www.zrozeni.com\/wp-content\/uploads\/2017\/02\/zrozeni_motyli-masaze.png 1947w\" sizes=\"auto, (max-width: 228px) 100vw, 228px\" \/><\/em><\/strong><\/td>\n<td width=\"215\"><strong><em> <img loading=\"lazy\" decoding=\"async\" class=\"wp-image-441 aligncenter\" src=\"http:\/\/www.zrozeni.com\/wp-content\/uploads\/2017\/02\/zrozeni_mimi-ruze-297x300.png\" alt=\"zrozeni_mimi ruze\" width=\"213\" height=\"215\" srcset=\"http:\/\/www.zrozeni.com\/wp-content\/uploads\/2017\/02\/zrozeni_mimi-ruze-297x300.png 297w, http:\/\/www.zrozeni.com\/wp-content\/uploads\/2017\/02\/zrozeni_mimi-ruze-150x150.png 150w, http:\/\/www.zrozeni.com\/wp-content\/uploads\/2017\/02\/zrozeni_mimi-ruze-768x777.png 768w, http:\/\/www.zrozeni.com\/wp-content\/uploads\/2017\/02\/zrozeni_mimi-ruze-1013x1024.png 1013w, http:\/\/www.zrozeni.com\/wp-content\/uploads\/2017\/02\/zrozeni_mimi-ruze.png 1880w\" sizes=\"auto, (max-width: 213px) 100vw, 213px\" \/><\/em><\/strong><\/td>\n<\/tr>\n<\/tbody>\n<\/table>\n<p>&nbsp;<br \/>\n<div class=\"row\"> <div class=\"col-md-1\">\n<\/div><div class=\"col-md-10\">\n<p style=\"text-align: justify;\"><strong>\u00a0\u00a0 Semin\u00e1\u0159 je ur\u010den pro nast\u00e1vaj\u00edc\u00ed Maminky a Tat\u00ednky, ale je tak\u00e9 otev\u0159en i pro Babi\u010dky a D\u011bde\u010dky. Nau\u010d\u00edte se jemn\u00e9 komunikaci se sv\u00fdm\u00a0nov\u011b narozen\u00fdm D\u011b\u0165\u00e1tkem pomoci va\u0161ich vo\u0148av\u00fdch \u201ekyti\u010dkov\u00fdch dlan\u00ed\u201c tak, abyste ji mohla vyu\u017e\u00edt \u010d\u00edm d\u0159\u00edve po porodu a podpo\u0159it nov\u011b vznikaj\u00edc\u00ed spojen\u00ed \u201ezvenku\u201c i jeho vit\u00e1ln\u00ed funkce z\u00e1rove\u0148. Postupn\u011b se nau\u010d\u00edte D\u011b\u0165\u00e1tko \u201e\u010d\u00edst dlan\u011bmi\u201c, c\u00edtit jeho vnit\u0159n\u00ed sv\u011bt a l\u00e9pe mu porozum\u011bt.<\/strong><\/p>\n<p style=\"text-align: justify;\"><strong>\u00a0\u00a0 Pravideln\u00e9 <em>jemn\u00e9 hlazen\u00ed pom\u00e1h\u00e1 Novoroze\u0148\u00e1tku<\/em> rychleji se vyrovnat s emocemi, kter\u00e9 poznalo p\u0159i cest\u011b sv\u00e9ho narozen\u00ed, a taky mu pom\u00e1haj\u00ed uvolnit p\u0159\u00edpadn\u00e1 \u201enap\u011bt\u00ed\u201c v t\u011bl\u00ed\u010dku. Intenzivn\u00ed bl\u00edzkost a n\u011bha Maminky i Tat\u00ednka a jejich doteky harmonicky ovliv\u0148uj\u00ed jeho poporodn\u00ed fyziologick\u00e9 procesy, p\u016fsob\u00ed velice blahod\u00e1rn\u011b i na emo\u010dn\u00ed, smyslov\u00e9 a energetick\u00e9 rovin\u011b a syt\u00ed jejich vz\u00e1jemn\u00e9 pouto.<\/strong><\/p>\n<p style=\"text-align: justify;\"><strong>\u00a0\u00a0 Podstatou <em>Mot\u00fdl\u00edch mas\u00e1\u017e\u00ed<\/em> je stimulovat a podpo\u0159it u Novoroze\u0148\u00e1tka sm\u011br proud\u011bn\u00ed jeho \u017eivotn\u00ed vit\u00e1ln\u00ed energie rovnom\u011brn\u011b v\u00a0cel\u00e9m t\u011bl\u00ed\u010dku. Je\u0161t\u011b hloub\u011bji uvol\u0148uj\u00ed nap\u011bt\u00ed sval\u00edk\u016f a rozpou\u0161t\u011bj\u00ed r\u016fzn\u00e9 blok\u00e1dy. Mas\u00e1\u017e\u00ed a doteky mu ukazujeme i fyzick\u00e9 ohrani\u010den\u00ed jeho t\u011bl\u00ed\u010dka, tedy odkud a\u017e kam sah\u00e1, proto\u017ee Miminko se po porodu se sebou teprve jen \u201eseznamuje\u201c a pot\u0159ebuje \u010d\u00edm \u010dast\u011bji za\u017e\u00edvat zku\u0161enost se sv\u00fdm t\u011blem. Novoroze\u0148\u00e1tko se teprve v\u0161emu u\u010d\u00ed a zvyk\u00e1 si na nov\u00fd sv\u011bt mimo Mamin\u010dino l\u016fno.<\/strong><\/p>\n<p style=\"text-align: justify;\"><strong>\u00a0\u00a0 U maminky vz\u00e1jemn\u00fd t\u011blesn\u00fd kontakt podporuje tak\u00e9 zv\u00fd\u0161en\u00ed tvorby hormon\u016f, kter\u00e9 p\u0159\u00edmo ovliv\u0148uj\u00ed emo\u010dn\u00ed vazby a kter\u00e9 maj\u00ed sou\u010dasn\u011b blahod\u00e1rn\u00fd vliv i na kojen\u00ed.<\/strong><\/p>\n<p style=\"text-align: justify;\"><strong>\u00a0\u00a0 Miminku tyto doteky dod\u00e1vaj\u00ed pocit jistoty a bezpe\u010d\u00ed. Teplo v hlad\u00edc\u00edch dlan\u00edch jej nejen proh\u0159\u00edv\u00e1, ale pom\u00e1h\u00e1 mu uvolnit i nap\u011bt\u00ed.<\/strong><\/p>\n<p>&nbsp;<\/p>\n<h4 style=\"text-align: center;\"><span style=\"color: #ff6600;\"><strong><em>L\u00e1sku, kterou v\u011bnujete sv\u00e9mu D\u011b\u0165\u00e1tku<\/em><\/strong><strong><em>,<\/em><\/strong><strong><em> v\u00e1m vr\u00e1t\u00ed n\u011bkolikan\u00e1sobn\u011b\u2026<\/em><\/strong> <em>\u00a0\u00a0<\/em><\/span><\/h4>\n<p>&nbsp;<\/p>\n<p style=\"text-align: center;\"><span style=\"color: #a00064;\"><strong><em>Podporuj\u00ed poporodn\u00ed uvoln\u011bn\u00ed se a pozn\u00e1van\u00ed sv\u00e9ho t\u011bl\u00ed\u010dka<\/em><\/strong><\/span><\/p>\n<p style=\"text-align: center;\"><span style=\"color: #a00064;\"><strong><em>Stimuluj\u00ed \u017eivotn\u00ed energii Miminka a fyziologick\u00e9 procesy po porodu<\/em><\/strong><\/span><\/p>\n<p style=\"text-align: center;\"><span style=\"color: #a00064;\"><strong><em>Mot\u00fdl\u00ed mas\u00e1\u017ee uvol\u0148uj\u00ed nap\u011bt\u00ed sval\u016f na v\u0161ech m\u00edstech t\u011bl\u00ed\u010dka<\/em><\/strong><\/span><\/p>\n<p style=\"text-align: center;\"><span style=\"color: #a00064;\"><strong><em>Podporuj\u00ed srde\u010dn\u00ed \u010dinnost, d\u00fdch\u00e1n\u00ed a tr\u00e1ven\u00ed<\/em><\/strong><\/span><\/p>\n<p style=\"text-align: center;\"><span style=\"color: #a00064;\"><strong><em>Stimuluj\u00ed centr\u00e1ln\u00ed nervovou soustavu i v\u00fdvoj mozku<\/em><\/strong><strong><em>\u00a0 <\/em><\/strong><\/span><\/p>\n<p style=\"text-align: center;\"><span style=\"color: #a00064;\"><strong><em>Vytv\u00e1\u0159ej\u00ed vz\u00e1jemn\u00e9 energetick\u00e9 propojen\u00ed v rodin\u011b<\/em><\/strong><\/span><\/p>\n<p style=\"text-align: center;\"><span style=\"color: #a00064;\"><strong><em>Emo\u010dn\u00ed slad\u011bn\u00ed podporuj\u00ed\u00a0 i \u00a0vo\u0148av\u00e9 kv\u011btov\u00e9 Esence<\/em><\/strong><\/span><\/p>\n<p>&nbsp;<\/p>\n<div class=\"su-list su-list-style-\"><\/div>\n<p><img loading=\"lazy\" decoding=\"async\" class=\"wp-image-148 aligncenter\" src=\"http:\/\/www.zrozeni.com\/wp-content\/uploads\/2016\/10\/kolecko.png\" alt=\"kolecko\" width=\"66\" height=\"80\" \/><\/p>\n<p>&nbsp;<\/p>\n<\/div><div class=\"col-md-1\">\n<\/div><\/div>\n","protected":false},"excerpt":{"rendered":"<p>\u201eJemn\u00e9 hlazen\u00ed a Mot\u00fdl\u00ed mas\u00e1\u017ee\u201c pro Novoroze\u0148\u00e1tka &nbsp; N\u011b\u017en\u00fd dotek v\u00a0prvn\u00edch dnech po porodu znamen\u00e1 v\u00edc, ne\u017e jak\u00e1koliv jin\u00e1 p\u00e9\u010de. &nbsp; &nbsp;<\/p>\n","protected":false},"author":1,"featured_media":0,"parent":162,"menu_order":0,"comment_status":"closed","ping_status":"closed","template":"page-fullwidth.php","meta":{"footnotes":""},"class_list":["post-401","page","type-page","status-publish","hentry"],"_links":{"self":[{"href":"http:\/\/www.zrozeni.com\/index.php\/wp-json\/wp\/v2\/pages\/401","targetHints":{"allow":["GET"]}}],"collection":[{"href":"http:\/\/www.zrozeni.com\/index.php\/wp-json\/wp\/v2\/pages"}],"about":[{"href":"http:\/\/www.zrozeni.com\/index.php\/wp-json\/wp\/v2\/types\/page"}],"author":[{"embeddable":true,"href":"http:\/\/www.zrozeni.com\/index.php\/wp-json\/wp\/v2\/users\/1"}],"replies":[{"embeddable":true,"href":"http:\/\/www.zrozeni.com\/index.php\/wp-json\/wp\/v2\/comments?post=401"}],"version-history":[{"count":9,"href":"http:\/\/www.zrozeni.com\/index.php\/wp-json\/wp\/v2\/pages\/401\/revisions"}],"predecessor-version":[{"id":463,"href":"http:\/\/www.zrozeni.com\/index.php\/wp-json\/wp\/v2\/pages\/401\/revisions\/463"}],"up":[{"embeddable":true,"href":"http:\/\/www.zrozeni.com\/index.php\/wp-json\/wp\/v2\/pages\/162"}],"wp:attachment":[{"href":"http:\/\/www.zrozeni.com\/index.php\/wp-json\/wp\/v2\/media?parent=401"}],"curies":[{"name":"wp","href":"https:\/\/api.w.org\/{rel}","templated":true}]}}