{"id":259,"date":"2017-01-31T18:47:34","date_gmt":"2017-01-31T17:47:34","guid":{"rendered":"http:\/\/www.zrozeni.com\/?page_id=259"},"modified":"2017-02-06T15:29:19","modified_gmt":"2017-02-06T14:29:19","slug":"znameni-lotos","status":"publish","type":"page","link":"http:\/\/www.zrozeni.com\/index.php\/nezny-dotek-a-leciva-vune\/znameni-lotos\/","title":{"rendered":"Znamen\u00ed Lotos"},"content":{"rendered":"<div id=\"pageheader\" class=\"titleclass\">\n<div class=\"entry-content\">\n<h1><img loading=\"lazy\" decoding=\"async\" class=\"aligncenter wp-image-45\" src=\"http:\/\/www.zrozeni.com\/wp-content\/uploads\/2016\/10\/logo-rgb-tesne-300x150.jpg\" alt=\"logo-rgb-tesne\" width=\"106\" height=\"50\" \/><\/h1>\n<\/div>\n<\/div>\n<h1 style=\"text-align: center;\"><strong>Lotosov\u00fd kv\u011bt<\/strong><\/h1>\n<p>&nbsp;<\/p>\n<h4 style=\"text-align: center;\"><span style=\"color: #a00064;\"><strong><em><span style=\"color: #ff6600;\">Symbol \u010distoty a znovuzrozen\u00ed<\/span><\/em><\/strong><\/span><\/h4>\n<p>&nbsp;<\/p>\n<h5 style=\"text-align: center;\"><\/h5>\n<p><img loading=\"lazy\" decoding=\"async\" class=\"size-medium wp-image-183 aligncenter\" src=\"http:\/\/www.zrozeni.com\/wp-content\/uploads\/2017\/01\/LOTOS-300x265.png\" sizes=\"auto, (max-width: 300px) 100vw, 300px\" srcset=\"http:\/\/www.zrozeni.com\/wp-content\/uploads\/2017\/01\/LOTOS-300x265.png 300w, http:\/\/www.zrozeni.com\/wp-content\/uploads\/2017\/01\/LOTOS.png 684w\" alt=\"LOTOS\" width=\"300\" height=\"265\" \/><\/p>\n<h4 style=\"text-align: center;\"><\/h4>\n<p>&nbsp;<\/p>\n<h4 style=\"text-align: center;\"><\/h4>\n<p>&nbsp;<\/p>\n<div class=\"row\"> <div class=\"col-md-1\">\n<p>&nbsp;<\/p>\n<\/div><div class=\"col-md-10\">\n<p style=\"text-align: justify;\"><strong><em>\u00a0\u00a0 Lotos je symbolem vzniku \u017eivota, znovuzrozen\u00ed, kr\u00e1sy, \u010distoty i spirituality. Je symbolem harmonie mu\u017esk\u00e9ho a \u017eensk\u00e9ho po\u010d\u00e1tku. V \u0159ad\u011b n\u00e1bo\u017eenstv\u00ed je posv\u00e1tnou kv\u011btinou. <\/em><em>Zvl\u00e1\u0161tnost\u00ed Lotosu je, \u017ee se ned\u00e1 u\u0161pinit tekut\u00fdmi ne\u010distotami &#8211; na povrchu okv\u011btn\u00edch l\u00edstk\u016f jsou drobn\u00e9 krystaly, kter\u00e9 pom\u00e1haj\u00ed st\u00e9k\u00e1n\u00ed ne\u010distot z kv\u011btu. Semena Lotosu maj\u00ed neobvyklou schopnost udr\u017eovat kl\u00ed\u010divost b\u011bhem n\u011bkolika stovek i tis\u00edce let. Je pravd\u011bpodobn\u00e9, \u017ee pr\u00e1v\u011b tato schopnost byla d\u016fvodem, pro\u010d se Lotos pou\u017e\u00edv\u00e1 taky jako symbol nesmrtelnosti a vzk\u0159\u00ed\u0161en\u00ed.<\/em><\/strong><\/p>\n<p style=\"text-align: justify;\"><strong><em>\u00a0\u00a0 Podle<\/em><em> m\u00fdt\u016f byl Lotos prvn\u00edm kv\u011btem, kter\u00fd se objevil na sv\u011bt\u011b. Sv\u00fdm \u017eivotn\u00edm cyklem<\/em> <span style=\"color: #a00064;\"><em>symbolizuje cestu \u017eivota<\/em><\/span>, <em>kterou je t\u0159eba uj\u00edt k\u00a0pln\u00e9mu dosp\u011bn\u00ed a uzr\u00e1n\u00ed. Vyr\u016fst\u00e1 z bahna, prod\u00edr\u00e1 se zakalenou vodou, a\u017e se nakonec \u010dist\u00fd a z\u00e1\u0159iv\u00fd objev\u00ed na hladin\u011b. <\/em>Je <span style=\"color: #a00064;\">symbolem moudrosti <\/span><em>vych\u00e1zej\u00edc\u00ed ze zmatk\u016f a rozpak\u016f na\u0161\u00ed mysli <\/em>a\u017e\u00a0 do \u00a0\u00fapln\u00e9ho otev\u0159en\u00ed se soucitu a harmonick\u00e9 jednoty obou polarit.<\/strong><\/p>\n<p style=\"text-align: justify;\"><strong><em>\u00a0\u00a0 V\u00fdchodn\u00ed tradice, spojen\u00e9 s\u00a0kv\u011btem<\/em> <span style=\"color: #a00064;\"><em>Lotosu<\/em><\/span>, <em>se projevuj\u00ed v\u00a0z\u00e1padn\u00ed tradici v\u00a0obrazu kv\u011bt\u016f<\/em> <em>Lili\u00ed<\/em>. <em>V k\u0159es\u0165ansk\u00e9 tradici archand\u011bl Gabriel p\u0159in\u00e1\u0161\u00ed Pann\u011b Marii Lilie Zv\u011bstov\u00e1n\u00ed. <\/em><\/strong><\/p>\n<p style=\"text-align: justify;\"><strong><em>\u00a0\u00a0 Kv\u011bty Lotosu p\u0159edstavuj\u00ed \u010distotu. Dlouh\u00fd stonek symbolizuje dlouhou cestu u\u010den\u00ed se, kter\u00e9 povzn\u00e1\u0161\u00ed mysl z \u201ebahna nev\u011bd\u011bn\u00ed \u010di zmatk\u016f\u201c. Poup\u011b symbolizuje obrovsk\u00fd potenci\u00e1l mo\u017enost\u00ed a dovednost\u00ed a otev\u0159en\u00fd kv\u011bt p\u0159edstavuje doko\u0159\u00e1n otev\u0159enou \u0161irokou n\u00e1ru\u010d a laskav\u00e9 Srdce. <\/em><\/strong><\/p>\n<p>&nbsp;<\/p>\n<p><img loading=\"lazy\" decoding=\"async\" class=\"wp-image-261 aligncenter\" src=\"http:\/\/www.zrozeni.com\/wp-content\/uploads\/2017\/01\/uzle-srdce-300x201.png\" alt=\"uzle-srdce\" width=\"79\" height=\"53\" srcset=\"http:\/\/www.zrozeni.com\/wp-content\/uploads\/2017\/01\/uzle-srdce-300x201.png 300w, http:\/\/www.zrozeni.com\/wp-content\/uploads\/2017\/01\/uzle-srdce.png 546w\" sizes=\"auto, (max-width: 79px) 100vw, 79px\" \/><\/p>\n<p>&nbsp;<\/p>\n<h4 style=\"text-align: center;\"><span style=\"color: #ff6600;\"><strong><em>Dodnes je Lotos symbolem \u010distoty. Ty nejlep\u0161\u00ed lidsk\u00e9 vlastnosti byly v\u017edy spojovan\u00e9 s Lotosem.<\/em><\/strong><\/span><\/h4>\n<p>&nbsp;<\/p>\n<p style=\"text-align: center;\"><strong><span style=\"color: #a00064;\"><em>B\u00edl\u00fd Lotos<\/em> <\/span><em>p\u0159edstavuje stav spiritu\u00e1ln\u00ed dokonalosti.<\/em> <span style=\"color: #a00064;\"><em>\u010cerven\u00fd Lotos<\/em><\/span> <em>je symbolem \u010distoty srdce, l\u00e1sky a v\u00e1\u0161n\u011b.<\/em> <span style=\"color: #a00064;\"><em>Modr\u00fd Lotos<\/em><\/span> <em>symbolizuje v\u00edt\u011bzstv\u00ed ducha nad smysly a moudrost v\u011bd\u011bn\u00ed.<\/em><\/strong><\/p>\n<p style=\"text-align: center;\"><strong><span style=\"color: #a00064;\"><em>R\u016f\u017eov\u00fd Lotos<span style=\"color: #000080;\">, nejkr\u00e1sn\u011bj\u0161\u00ed a nejvz\u00e1cn\u011bj\u0161\u00ed, p\u0159edstavuje nejvy\u0161\u0161\u00ed ctnosti<\/span><\/em><span style=\"color: #000080;\"><em>.<\/em><\/span><\/span><\/strong><\/p>\n<p>&nbsp;<\/p>\n<p><img loading=\"lazy\" decoding=\"async\" class=\"wp-image-148 aligncenter\" src=\"http:\/\/www.zrozeni.com\/wp-content\/uploads\/2016\/10\/kolecko.png\" alt=\"kolecko\" width=\"66\" height=\"80\" \/><\/p>\n<\/div><div class=\"col-md-1\">\n<p>&nbsp;<\/p>\n<\/div><\/div>\n","protected":false},"excerpt":{"rendered":"<p>Lotosov\u00fd kv\u011bt &nbsp; Symbol \u010distoty a znovuzrozen\u00ed &nbsp; &nbsp; &nbsp;<\/p>\n","protected":false},"author":1,"featured_media":0,"parent":23,"menu_order":0,"comment_status":"closed","ping_status":"closed","template":"page-fullwidth.php","meta":{"footnotes":""},"class_list":["post-259","page","type-page","status-publish","hentry"],"_links":{"self":[{"href":"http:\/\/www.zrozeni.com\/index.php\/wp-json\/wp\/v2\/pages\/259","targetHints":{"allow":["GET"]}}],"collection":[{"href":"http:\/\/www.zrozeni.com\/index.php\/wp-json\/wp\/v2\/pages"}],"about":[{"href":"http:\/\/www.zrozeni.com\/index.php\/wp-json\/wp\/v2\/types\/page"}],"author":[{"embeddable":true,"href":"http:\/\/www.zrozeni.com\/index.php\/wp-json\/wp\/v2\/users\/1"}],"replies":[{"embeddable":true,"href":"http:\/\/www.zrozeni.com\/index.php\/wp-json\/wp\/v2\/comments?post=259"}],"version-history":[{"count":24,"href":"http:\/\/www.zrozeni.com\/index.php\/wp-json\/wp\/v2\/pages\/259\/revisions"}],"predecessor-version":[{"id":450,"href":"http:\/\/www.zrozeni.com\/index.php\/wp-json\/wp\/v2\/pages\/259\/revisions\/450"}],"up":[{"embeddable":true,"href":"http:\/\/www.zrozeni.com\/index.php\/wp-json\/wp\/v2\/pages\/23"}],"wp:attachment":[{"href":"http:\/\/www.zrozeni.com\/index.php\/wp-json\/wp\/v2\/media?parent=259"}],"curies":[{"name":"wp","href":"https:\/\/api.w.org\/{rel}","templated":true}]}}