{"id":162,"date":"2017-01-29T18:18:09","date_gmt":"2017-01-29T17:18:09","guid":{"rendered":"http:\/\/www.zrozeni.com\/?page_id=162"},"modified":"2017-02-06T12:09:14","modified_gmt":"2017-02-06T11:09:14","slug":"moje-seminare","status":"publish","type":"page","link":"http:\/\/www.zrozeni.com\/index.php\/nezny-dotek-a-leciva-vune\/moje-seminare\/","title":{"rendered":"Moje semin\u00e1\u0159e"},"content":{"rendered":"<h1><img loading=\"lazy\" decoding=\"async\" class=\"aligncenter wp-image-45\" src=\"http:\/\/www.zrozeni.com\/wp-content\/uploads\/2016\/10\/logo-rgb-tesne-300x150.jpg\" alt=\"logo-rgb-tesne\" width=\"106\" height=\"50\" \/><\/h1>\n<h1 style=\"text-align: center;\"><span style=\"color: #a00064;\"><strong>Cestou jemn\u00e9ho doteku\u2026<\/strong><\/span><\/h1>\n<p>&nbsp;<\/p>\n<div class=\"row\"> <div class=\"col-md-1\">\n<p>&nbsp;<\/p>\n<\/div><div class=\"col-md-10\">\n<h4 style=\"text-align: center;\"><\/h4>\n<h4 style=\"text-align: center;\"><span style=\"color: #ff6600;\"><strong><em>Pomoc\u00ed vo\u0148av\u00fdch dotek\u016f, hlazen\u00ed a stimulace ke zdrav\u00e9mu emo\u010dn\u00edmu, t\u011blesn\u00e9mu<br \/>\na smyslov\u00e9mu v\u00fdvoji D\u011b\u0165\u00e1tka a podpo\u0159en\u00ed nov\u00e9ho pouta v rodin\u011b.<\/em><\/strong><\/span><\/h4>\n<table style=\"margin-left: auto; margin-right: auto;\" width=\"821;\">\n<tbody>\n<tr>\n<td width=\"215\">\n<p style=\"text-align: center;\"><strong><em>\u00a0<img loading=\"lazy\" decoding=\"async\" class=\"wp-image-420 aligncenter\" src=\"http:\/\/www.zrozeni.com\/wp-content\/uploads\/2017\/01\/zrozeni_tehotna-zena-300x274.png\" alt=\"zrozeni_tehotna zena\" width=\"253\" height=\"231\" srcset=\"http:\/\/www.zrozeni.com\/wp-content\/uploads\/2017\/01\/zrozeni_tehotna-zena-300x274.png 300w, http:\/\/www.zrozeni.com\/wp-content\/uploads\/2017\/01\/zrozeni_tehotna-zena-768x702.png 768w, http:\/\/www.zrozeni.com\/wp-content\/uploads\/2017\/01\/zrozeni_tehotna-zena-1024x936.png 1024w, http:\/\/www.zrozeni.com\/wp-content\/uploads\/2017\/01\/zrozeni_tehotna-zena.png 2114w\" sizes=\"auto, (max-width: 253px) 100vw, 253px\" \/><\/em><\/strong><\/p>\n<\/td>\n<td width=\"215\"><strong><em>\u00a0<img loading=\"lazy\" decoding=\"async\" class=\"wp-image-421 aligncenter\" src=\"http:\/\/www.zrozeni.com\/wp-content\/uploads\/2017\/01\/zrozeni_mimi-vesmir-280x300.png\" alt=\"zrozeni_mimi vesmir\" width=\"204\" height=\"218\" srcset=\"http:\/\/www.zrozeni.com\/wp-content\/uploads\/2017\/01\/zrozeni_mimi-vesmir-280x300.png 280w, http:\/\/www.zrozeni.com\/wp-content\/uploads\/2017\/01\/zrozeni_mimi-vesmir-768x822.png 768w, http:\/\/www.zrozeni.com\/wp-content\/uploads\/2017\/01\/zrozeni_mimi-vesmir-957x1024.png 957w, http:\/\/www.zrozeni.com\/wp-content\/uploads\/2017\/01\/zrozeni_mimi-vesmir.png 1761w\" sizes=\"auto, (max-width: 204px) 100vw, 204px\" \/><\/em><\/strong><\/td>\n<td width=\"215\"><strong><em>\u00a0<img loading=\"lazy\" decoding=\"async\" class=\" wp-image-422 aligncenter\" src=\"http:\/\/www.zrozeni.com\/wp-content\/uploads\/2017\/01\/zrozeni_placenta-300x275.png\" alt=\"zrozeni_placenta\" width=\"258\" height=\"236\" srcset=\"http:\/\/www.zrozeni.com\/wp-content\/uploads\/2017\/01\/zrozeni_placenta-300x275.png 300w, http:\/\/www.zrozeni.com\/wp-content\/uploads\/2017\/01\/zrozeni_placenta-768x703.png 768w, http:\/\/www.zrozeni.com\/wp-content\/uploads\/2017\/01\/zrozeni_placenta-1024x937.png 1024w, http:\/\/www.zrozeni.com\/wp-content\/uploads\/2017\/01\/zrozeni_placenta.png 2143w\" sizes=\"auto, (max-width: 258px) 100vw, 258px\" \/><\/em><\/strong><\/td>\n<\/tr>\n<\/tbody>\n<\/table>\n<p><span style=\"color: #ff9900;\"><strong><em>\u00a0<\/em><\/strong><\/span><\/p>\n<h3 style=\"text-align: center;\"><strong>Cyklus semin\u00e1\u0159\u016f pro budouc\u00ed Maminky a Tat\u00ednky:<\/strong><\/h3>\n<p style=\"text-align: center;\"><strong>I. \u201eHlazen\u00ed mal\u00e9ho And\u00edlka\u201c v\u00a0l\u016fn\u011b Maminky a vz\u00e1jemn\u00e1 komunikace<\/strong><\/p>\n<p style=\"text-align: center;\"><strong>II. Vo\u0148av\u00fd porod a \u201ePrvn\u00ed spole\u010dn\u00e1 cesta \u2026\u201c a kv\u011btov\u00e9 Esence<\/strong><\/p>\n<p style=\"text-align: center;\"><strong>III. Jemn\u00e9 hlazen\u00ed a Mot\u00fdl\u00ed mas\u00e1\u017ee pro Novoroze\u0148\u00e1tka<\/strong><\/p>\n<p><strong>\u00a0\u00a0 <\/strong><img loading=\"lazy\" decoding=\"async\" class=\"wp-image-261 aligncenter\" src=\"http:\/\/www.zrozeni.com\/wp-content\/uploads\/2017\/01\/uzle-srdce-300x201.png\" sizes=\"auto, (max-width: 79px) 100vw, 79px\" srcset=\"http:\/\/www.zrozeni.com\/wp-content\/uploads\/2017\/01\/uzle-srdce-300x201.png 300w, http:\/\/www.zrozeni.com\/wp-content\/uploads\/2017\/01\/uzle-srdce.png 546w\" alt=\"uzle-srdce\" width=\"79\" height=\"53\" \/><\/p>\n<p>&nbsp;<\/p>\n<h3 style=\"text-align: center;\"><strong>M\u00edsta a term\u00edny semin\u00e1\u0159\u016f:<\/strong><\/h3>\n<p style=\"text-align: center;\"><span style=\"color: #a00064;\"><strong>PRAHA: <\/strong><\/span><strong>Maitrea, T\u00fdnsk\u00e1 uli\u010dka 6, <a href=\"http:\/\/www.maitrea.cz\/eva-kopasova\" target=\"_blank\">www.maitrea.cz<\/a><br \/>\n<\/strong><\/p>\n<p style=\"text-align: center;\"><strong><span style=\"color: #a00064;\">BRNO:<\/span> Centrum Majka, Hybe\u0161ova 14, www.centrum-majka.cz: <a href=\"http:\/\/www.centrum-majka.cz\/hlazeni-maleho-andilka-ve-vasem-lune-vonavy-porod-a-emocne-energeticka\/\" target=\"_blank\">\u201eHlazen\u00ed mal\u00e9ho And\u00edlka\u201c<br \/>\n<\/a>nebo <a href=\"http:\/\/www.centrum-majka.cz\/jemne-hlazeni-a-motyli-masaze-pro-novorozenatka\/\">\u201e<\/a><a href=\"http:\/\/www.centrum-majka.cz\/jemne-hlazeni-a-motyli-masaze-pro-novorozenatka\/\" target=\"_blank\">Jemn\u00e9 hlazen\u00ed &amp; Mot\u00fdl\u00ed mas\u00e1\u017ee\u201c pro Novoroze\u0148\u00e1tka<\/a><\/strong><\/p>\n<p>&nbsp;<\/p>\n<p><img loading=\"lazy\" decoding=\"async\" class=\"wp-image-261 aligncenter\" src=\"http:\/\/www.zrozeni.com\/wp-content\/uploads\/2017\/01\/uzle-srdce-300x201.png\" sizes=\"auto, (max-width: 79px) 100vw, 79px\" srcset=\"http:\/\/www.zrozeni.com\/wp-content\/uploads\/2017\/01\/uzle-srdce-300x201.png 300w, http:\/\/www.zrozeni.com\/wp-content\/uploads\/2017\/01\/uzle-srdce.png 546w\" alt=\"uzle-srdce\" width=\"79\" height=\"53\" \/><\/p>\n<p>&nbsp;<\/p>\n<h4 style=\"text-align: center;\"><strong>I. \u201eHlazen\u00ed mal\u00e9ho And\u00edlka\u201c v\u00a0l\u016fn\u011b Maminky a vz\u00e1jemn\u00e1 komunikace<\/strong><\/h4>\n<p style=\"text-align: justify;\"><strong><em>\u00a0<\/em><em>\u00a0 <\/em><em><span style=\"color: #a00064;\">T\u011bhotenstv\u00ed<\/span><\/em> a porod jsou jednou z\u00a0nejd\u016fle\u017eit\u011bj\u0161\u00edch \u017eivotn\u00edch ud\u00e1lost\u00ed v\u00a0\u017eivot\u011b \u017eeny. Nast\u00e1vaj\u00edc\u00ed Maminka m\u00e1 jedine\u010dnou p\u0159\u00edle\u017eitost vn\u00edmat hlubok\u00e9 vnit\u0159n\u00ed proci\u0165ov\u00e1n\u00ed, kter\u00e9 ji provede rod\u00edc\u00edm se mate\u0159stv\u00edm. Jeho d\u016fle\u017eitou sou\u010d\u00e1st\u00ed je i hlazen\u00ed Miminka ji\u017e v\u00a0l\u016fn\u011b. Vo\u0148av\u00e9 \u201ekyti\u010dkov\u00e9 dlan\u011b\u201c jsou hezkou komunikac\u00ed, kterou intenz\u00edvn\u011b vn\u00edm\u00e1 je\u0161t\u011b p\u0159ed sv\u00fdm narozen\u00edm. V\u016fn\u011b taky Maminku emo\u010dn\u011b uvoln\u00ed a je d\u016fle\u017eit\u00e9 i ji podpo\u0159it v\u00a0tomto obdob\u00ed pomoci stimulace energetick\u00fdch m\u00edst a bod\u016f.<\/strong><\/p>\n<p style=\"text-align: center;\"><strong><a href=\"http:\/\/www.zrozeni.com\/index.php\/nezny-dotek-a-leciva-vune\/moje-seminare\/seminar-i\/\" target=\"_blank\">V\u00edce o semin\u00e1\u0159i I<\/a><\/strong><\/p>\n<p>&nbsp;<\/p>\n<p><img loading=\"lazy\" decoding=\"async\" class=\"wp-image-261 aligncenter\" src=\"http:\/\/www.zrozeni.com\/wp-content\/uploads\/2017\/01\/uzle-srdce-300x201.png\" sizes=\"auto, (max-width: 79px) 100vw, 79px\" srcset=\"http:\/\/www.zrozeni.com\/wp-content\/uploads\/2017\/01\/uzle-srdce-300x201.png 300w, http:\/\/www.zrozeni.com\/wp-content\/uploads\/2017\/01\/uzle-srdce.png 546w\" alt=\"uzle-srdce\" width=\"79\" height=\"53\" \/><\/p>\n<p>&nbsp;<\/p>\n<h4 style=\"text-align: center;\"><strong>II. Vo\u0148av\u00fd porod a \u201ePrvn\u00ed spole\u010dn\u00e1 cesta \u2026\u201c a kv\u011btov\u00e9 Esence<\/strong><\/h4>\n<p style=\"text-align: justify;\"><strong><em>\u00a0\u00a0<\/em><\/strong> <strong><em><span style=\"color: #a00064;\">Porod<\/span><\/em> je jedine\u010dn\u00fd okam\u017eik, na kter\u00fd se mohou oba partnery spole\u010dn\u011b p\u0159ipravit a spole\u010dn\u011b si jej pro\u017e\u00edt. Vo\u0148av\u00e9 kv\u011btov\u00e9 Esence p\u0159i porodu hezky podpo\u0159\u00ed Maminku i p\u0159ich\u00e1zej\u00edc\u00ed Miminko a vytvo\u0159\u00ed pro n\u011bj kr\u00e1sn\u00fd p\u0159\u00edchod na sv\u011bt do objet\u00ed jemn\u00e9 v\u016fn\u011b R\u016f\u017ee a kyti\u010dek. Mas\u00e1\u017e p\u0159i porodu emo\u010dn\u011b ope\u010dov\u00e1v\u00e1, zm\u00edr\u0148uje nap\u011bt\u00ed a sni\u017euje \u201epocit bolestivosti&#8220;. Podpo\u0159\u00ed v\u00e1s tak\u00e9 v\u00a0tom, abyste se mohli aktivn\u011b z\u00fa\u010dastnit p\u0159\u00edchodu sv\u00e9ho D\u011b\u0165\u00e1tka a byly spolu v\u0161ichni t\u0159i v\u00a0intenzivn\u00edm kontaktu. Pomoci vizualizace a meditace <em>\u201ePorodu\u201c<\/em> se nalad\u00edte na n\u011bj jako na <em>\u201eoce\u00e1nskou vlnu\u201c,<\/em> kterou se nau\u010d\u00edte proj\u00edt.<\/strong><\/p>\n<p style=\"text-align: center;\"><strong><a href=\"http:\/\/www.zrozeni.com\/index.php\/nezny-dotek-a-leciva-vune\/moje-seminare\/seminar-ii\/\" target=\"_blank\">V\u00edce o semin\u00e1\u0159i II<\/a><\/strong><\/p>\n<p>&nbsp;<\/p>\n<p><img loading=\"lazy\" decoding=\"async\" class=\"wp-image-261 aligncenter\" src=\"http:\/\/www.zrozeni.com\/wp-content\/uploads\/2017\/01\/uzle-srdce-300x201.png\" sizes=\"auto, (max-width: 79px) 100vw, 79px\" srcset=\"http:\/\/www.zrozeni.com\/wp-content\/uploads\/2017\/01\/uzle-srdce-300x201.png 300w, http:\/\/www.zrozeni.com\/wp-content\/uploads\/2017\/01\/uzle-srdce.png 546w\" alt=\"uzle-srdce\" width=\"79\" height=\"53\" \/><\/p>\n<p>&nbsp;<\/p>\n<h4 style=\"text-align: center;\"><strong>III. Jemn\u00e9 hlazen\u00ed a Mot\u00fdl\u00ed mas\u00e1\u017ee pro Novoroze\u0148\u00e1tka<\/strong><\/h4>\n<p style=\"text-align: justify;\">\u00a0\u00a0<strong> Pravideln\u00e9 <span style=\"color: #a00064;\"><em>jemn\u00e9 hlazen\u00ed pom\u00e1h\u00e1 Novoroze\u0148\u00e1tku<\/em><\/span> po porodu rychleji se vyrovnat s\u00a0emocemi, kter\u00e9 poznalo na cest\u011b sv\u00e9ho narozen\u00ed a pom\u00e1h\u00e1 mu uvolnit \u201enap\u011bt\u00ed\u201c v t\u011bl\u00ed\u010dku. Nau\u010d\u00edte se jemn\u00e9 komunikaci se sv\u00fdm nov\u011b narozen\u00fdm D\u011b\u0165\u00e1tkem pomoci vo\u0148av\u00fdch \u201ekyti\u010dkov\u00fdch dlan\u00ed\u201c tak, abyste ji mohla vyu\u017e\u00edt \u010d\u00edm d\u0159\u00edve po porodu a nau\u010dila se jej \u201e\u010d\u00edst dlan\u011bmi\u201c, c\u00edtit jeho vnit\u0159n\u00ed sv\u011bt a l\u00e9pe mu porozum\u011bt. <em>\u201eKonej\u0161iv\u00e9 doteky\u201c<\/em> a <em>\u201eHlazen\u00ed p\u011bti Srdc\u00ed\u201c<\/em> stimuluj\u00ed jeho vit\u00e1ln\u00ed energii a d\u016fle\u017eit\u00e9 \u017eivotn\u00ed funkce. Tak\u00e9 pom\u00e1haj\u00ed stimulovat a udr\u017eovat jeho t\u011blesn\u00e9 teplo \u010di energetick\u00e9 pouto v\u00a0rodin\u011b.<\/strong><\/p>\n<p style=\"text-align: justify;\"><strong><em>\u00a0\u00a0 <span style=\"color: #a00064;\">Mot\u00fdl\u00ed mas\u00e1\u017ee<\/span><\/em> podporuj\u00ed u Novoroze\u0148\u00e1tka rovnom\u011brn\u00e9 proud\u011bn\u00ed jeho \u017eivotn\u00ed energie v\u00a0cel\u00e9m t\u011bl\u00ed\u010dku. Je\u0161t\u011b hloub\u011bji uvol\u0148uj\u00ed nap\u011bt\u00ed sval\u00edk\u016f a rozpou\u0161t\u011bj\u00ed r\u016fzn\u00e9 blok\u00e1dy. Miminko se po porodu se sebou teprve jen \u201eseznamuje\u201c, proto pot\u0159ebuje za\u017e\u00edvat co nejv\u00edce zku\u0161enosti a dotek\u016f na sv\u00e9m t\u011bl\u00ed\u010dku. V\u0161emu se za\u010d\u00edn\u00e1 teprve u\u010dit a postupn\u011b si zvyk\u00e1 na nov\u00fd sv\u011bt mimo Mamin\u010dino l\u016fno.<\/strong><\/p>\n<p style=\"text-align: center;\"><strong><a href=\"http:\/\/www.zrozeni.com\/index.php\/nezny-dotek-a-leciva-vune\/moje-seminare\/seminar-iii\/\" target=\"_blank\">V\u00edce o semin\u00e1\u0159i III<\/a><\/strong><\/p>\n<p>&nbsp;<\/p>\n<p><img loading=\"lazy\" decoding=\"async\" class=\"wp-image-148 aligncenter\" src=\"http:\/\/www.zrozeni.com\/wp-content\/uploads\/2016\/10\/kolecko.png\" alt=\"kolecko\" width=\"66\" height=\"80\" \/><\/p>\n<p>&nbsp;<\/p>\n<p style=\"text-align: center;\"><a href=\"http:\/\/www.zrozeni.com\/index.php\/kontakt\/moje-aktivity\/\" target=\"_blank\"><strong><em>Lektorka: Eva Kopasov\u00e1<\/em><\/strong><\/a><\/p>\n<\/div><div class=\"col-md-1\">\n<\/div><\/div>\n","protected":false},"excerpt":{"rendered":"<p>Cestou jemn\u00e9ho doteku\u2026 &nbsp;<\/p>\n","protected":false},"author":1,"featured_media":0,"parent":23,"menu_order":0,"comment_status":"closed","ping_status":"closed","template":"page-fullwidth.php","meta":{"footnotes":""},"class_list":["post-162","page","type-page","status-publish","hentry"],"_links":{"self":[{"href":"http:\/\/www.zrozeni.com\/index.php\/wp-json\/wp\/v2\/pages\/162","targetHints":{"allow":["GET"]}}],"collection":[{"href":"http:\/\/www.zrozeni.com\/index.php\/wp-json\/wp\/v2\/pages"}],"about":[{"href":"http:\/\/www.zrozeni.com\/index.php\/wp-json\/wp\/v2\/types\/page"}],"author":[{"embeddable":true,"href":"http:\/\/www.zrozeni.com\/index.php\/wp-json\/wp\/v2\/users\/1"}],"replies":[{"embeddable":true,"href":"http:\/\/www.zrozeni.com\/index.php\/wp-json\/wp\/v2\/comments?post=162"}],"version-history":[{"count":66,"href":"http:\/\/www.zrozeni.com\/index.php\/wp-json\/wp\/v2\/pages\/162\/revisions"}],"predecessor-version":[{"id":429,"href":"http:\/\/www.zrozeni.com\/index.php\/wp-json\/wp\/v2\/pages\/162\/revisions\/429"}],"up":[{"embeddable":true,"href":"http:\/\/www.zrozeni.com\/index.php\/wp-json\/wp\/v2\/pages\/23"}],"wp:attachment":[{"href":"http:\/\/www.zrozeni.com\/index.php\/wp-json\/wp\/v2\/media?parent=162"}],"curies":[{"name":"wp","href":"https:\/\/api.w.org\/{rel}","templated":true}]}}